{"id":1036,"date":"2015-07-13T09:41:43","date_gmt":"2015-07-13T07:41:43","guid":{"rendered":"http:\/\/talstadtgemeinde-bernburg.de\/?page_id=1036"},"modified":"2015-07-13T09:41:43","modified_gmt":"2015-07-13T07:41:43","slug":"14-blaeserserenade-an-der-marienkirche","status":"publish","type":"page","link":"https:\/\/talstadtgemeinde-bernburg.de\/?page_id=1036","title":{"rendered":"14. Bl\u00e4serSerenade an der Marienkirche"},"content":{"rendered":"<p>P\u00fcnktlich am ersten Sonnabend in den Sommerferien (11. Juli 2015) fand um 17 Uhr die diesj\u00e4hrige Bl\u00e4serSerenade statt. Bei bestem Wetter konnten die Zuh\u00f6rer ein abwechslungsreiches Programm bestehend aus Chor\u00e4len, klassischen Werken und einfacher Unterhaltungsmusik bis hin zum Beatles-Werk &#8222;Yesterday&#8220; erleben.<br \/>\nDie ersten Bl\u00e4ser trafen sich schon am fr\u00fchen Nachmittag zu einer gemeinsamen Probe. Viele waren der Einladung, bei der Bl\u00e4serSerenade mitzuwirken, gefolgt und so konnten die Bl\u00e4ser der Talstadtgemeinde Mitglieder der Posaunench\u00f6re aus Beesenlaublingen, von der Bernburger Schlosskirche und aus W\u00fclknitz begr\u00fc\u00dfen. Nach einer Stunde Probe unter Leitung von Joachim Diemer trafen die zu 15 Uhr bestellten Bl\u00e4serkinder des neugegr\u00fcndeten Posaunenchors vom Bernburger Martinszentrum ein. Der Posaunenchor brachte seine eigenen St\u00fccke mit zur Bl\u00e4serSerenade und lud die anderen Bl\u00e4ser ein, unter dem Dirigat von Felix Meirich, bei diesen mit einzustimmen.<br \/>\nZwischen den Musikbeitr\u00e4gen trug Pfarrer Steffen Gr\u00f6hl &#8222;J\u00fcdische Witze&#8220; vor und brachte diese in einen Zusammenhang mit der Bibel. Von Joachim Diemer erfuhr man wissenswertes \u00fcber die Posaunenarbeit in Deutschland und die einzelnen St\u00fccke. Sowohl die Musik als auch die Wortbeitr\u00e4ge wurden mit viel Applaus von den \u00fcber 100 Zuh\u00f6rern honoriert.<br \/>\n<strong><em>Da der Erfolg der Bl\u00e4serSerenade mit den vielen Unterst\u00fctzern steht und f\u00e4llt, m\u00f6chte ich es nicht vers\u00e4umen, an dieser Stelle den vielen Helfern zu danken. Vielen Dank f\u00fcr das Backen, Fotografieren, St\u00fchle tragen, Kaffee kochen, f\u00fcr das Mitblasen, f\u00fcr die Wortbeitr\u00e4ge und f\u00fcr alle anderen Hilfen, die die Veranstaltung in dieser Form m\u00f6glich machen!<\/em><\/strong><br \/>\nSo Gott will und wir Leben sehen wir uns alle im n\u00e4chsten Jahr zur\u00a015. Bl\u00e4serSerenade!<br \/>\n<em><span class=\"style_3\">Felix Meirich, Fotos EWW<\/span><\/em><\/p>\n<p>Weitere Bilder finden Sie auf der Website des Posaunenchors: <a href=\"www.marien-blaeser.de\">www.marien-blaeser.de<\/a><\/p>\n<p><a href=\"https:\/\/talstadtgemeinde-bernburg.de\/wp-content\/uploads\/2015\/07\/Bildschirmfoto-2015-07-13-um-13.43.25.png\"><img loading=\"lazy\" decoding=\"async\" class=\"alignnone size-thumbnail wp-image-1103\" src=\"https:\/\/talstadtgemeinde-bernburg.de\/wp-content\/uploads\/2015\/07\/Bildschirmfoto-2015-07-13-um-13.43.25-150x150.png\" alt=\"Bildschirmfoto 2015-07-13 um 13.43.25\" width=\"150\" height=\"150\" \/><\/a>\u00a0\u00a0<a href=\"https:\/\/talstadtgemeinde-bernburg.de\/wp-content\/uploads\/2015\/07\/Bildschirmfoto-2015-07-13-um-13.43.15.png\"><img loading=\"lazy\" decoding=\"async\" class=\"alignnone size-thumbnail wp-image-1101\" src=\"https:\/\/talstadtgemeinde-bernburg.de\/wp-content\/uploads\/2015\/07\/Bildschirmfoto-2015-07-13-um-13.43.15-150x150.png\" alt=\"Bildschirmfoto 2015-07-13 um 13.43.15\" width=\"150\" height=\"150\" \/><\/a>\u00a0\u00a0<a href=\"https:\/\/talstadtgemeinde-bernburg.de\/wp-content\/uploads\/2015\/07\/Bildschirmfoto-2015-07-13-um-13.43.05.png\"><img loading=\"lazy\" decoding=\"async\" class=\"alignnone size-thumbnail wp-image-1099\" src=\"https:\/\/talstadtgemeinde-bernburg.de\/wp-content\/uploads\/2015\/07\/Bildschirmfoto-2015-07-13-um-13.43.05-150x150.png\" alt=\"Bildschirmfoto 2015-07-13 um 13.43.05\" width=\"150\" height=\"150\" \/><\/a>\u00a0\u00a0<a href=\"https:\/\/talstadtgemeinde-bernburg.de\/wp-content\/uploads\/2015\/07\/Bildschirmfoto-2015-07-13-um-13.42.56.png\"><img loading=\"lazy\" decoding=\"async\" class=\"alignnone size-thumbnail wp-image-1098\" src=\"https:\/\/talstadtgemeinde-bernburg.de\/wp-content\/uploads\/2015\/07\/Bildschirmfoto-2015-07-13-um-13.42.56-150x150.png\" alt=\"Bildschirmfoto 2015-07-13 um 13.42.56\" width=\"150\" height=\"150\" \/><\/a>\u00a0\u00a0<a href=\"https:\/\/talstadtgemeinde-bernburg.de\/wp-content\/uploads\/2015\/07\/Bildschirmfoto-2015-07-13-um-13.42.44.png\"><img loading=\"lazy\" decoding=\"async\" class=\"alignnone size-thumbnail wp-image-1096\" src=\"https:\/\/talstadtgemeinde-bernburg.de\/wp-content\/uploads\/2015\/07\/Bildschirmfoto-2015-07-13-um-13.42.44-150x150.png\" alt=\"Bildschirmfoto 2015-07-13 um 13.42.44\" width=\"150\" height=\"150\" \/><\/a>\u00a0\u00a0<a href=\"https:\/\/talstadtgemeinde-bernburg.de\/wp-content\/uploads\/2015\/07\/Bildschirmfoto-2015-07-13-um-13.42.37.png\"><img loading=\"lazy\" decoding=\"async\" class=\"alignnone size-thumbnail wp-image-1095\" src=\"https:\/\/talstadtgemeinde-bernburg.de\/wp-content\/uploads\/2015\/07\/Bildschirmfoto-2015-07-13-um-13.42.37-150x150.png\" alt=\"Bildschirmfoto 2015-07-13 um 13.42.37\" width=\"150\" height=\"150\" \/><\/a>\u00a0<a href=\"https:\/\/talstadtgemeinde-bernburg.de\/wp-content\/uploads\/2015\/07\/Bildschirmfoto-2015-07-13-um-13.42.28.png\"><img loading=\"lazy\" decoding=\"async\" class=\"alignnone size-thumbnail wp-image-1094\" src=\"https:\/\/talstadtgemeinde-bernburg.de\/wp-content\/uploads\/2015\/07\/Bildschirmfoto-2015-07-13-um-13.42.28-150x150.png\" alt=\"Bildschirmfoto 2015-07-13 um 13.42.28\" width=\"150\" height=\"150\" \/><\/a>\u00a0\u00a0<a href=\"https:\/\/talstadtgemeinde-bernburg.de\/wp-content\/uploads\/2015\/07\/Bildschirmfoto-2015-07-13-um-13.42.19.png\"><img loading=\"lazy\" decoding=\"async\" class=\"alignnone size-thumbnail wp-image-1092\" src=\"https:\/\/talstadtgemeinde-bernburg.de\/wp-content\/uploads\/2015\/07\/Bildschirmfoto-2015-07-13-um-13.42.19-150x150.png\" alt=\"Bildschirmfoto 2015-07-13 um 13.42.19\" width=\"150\" height=\"150\" \/><\/a><\/p>\n<p><a href=\"https:\/\/talstadtgemeinde-bernburg.de\/wp-content\/uploads\/2015\/07\/Bildschirmfoto-2015-07-13-um-13.42.08.png\"><img loading=\"lazy\" decoding=\"async\" class=\" size-full wp-image-1091 alignnone\" src=\"https:\/\/talstadtgemeinde-bernburg.de\/wp-content\/uploads\/2015\/07\/Bildschirmfoto-2015-07-13-um-13.42.08.png\" alt=\"Bildschirmfoto 2015-07-13 um 13.42.08\" width=\"538\" height=\"358\" srcset=\"https:\/\/talstadtgemeinde-bernburg.de\/wp-content\/uploads\/2015\/07\/Bildschirmfoto-2015-07-13-um-13.42.08.png 538w, https:\/\/talstadtgemeinde-bernburg.de\/wp-content\/uploads\/2015\/07\/Bildschirmfoto-2015-07-13-um-13.42.08-300x200.png 300w\" sizes=\"(max-width: 538px) 100vw, 538px\" \/><\/a><\/p>\n<pre>F\u00fcr eine vergr\u00f6\u00dferte Darstellung w\u00e4hlen Sie ein Foto aus.<\/pre>\n","protected":false},"excerpt":{"rendered":"<p>P\u00fcnktlich am ersten Sonnabend in den Sommerferien (11. Juli 2015) fand um 17 Uhr die diesj\u00e4hrige Bl\u00e4serSerenade statt. Bei bestem Wetter konnten die Zuh\u00f6rer ein abwechslungsreiches Programm bestehend aus Chor\u00e4len, klassischen Werken und einfacher Unterhaltungsmusik bis hin zum Beatles-Werk &#8222;Yesterday&#8220; erleben. Die ersten Bl\u00e4ser trafen sich schon am fr\u00fchen Nachmittag zu einer gemeinsamen Probe. Viele [&hellip;]<\/p>\n","protected":false},"author":2,"featured_media":0,"parent":833,"menu_order":0,"comment_status":"closed","ping_status":"closed","template":"page-templates\/full-width.php","meta":{"footnotes":""},"_links":{"self":[{"href":"https:\/\/talstadtgemeinde-bernburg.de\/index.php?rest_route=\/wp\/v2\/pages\/1036"}],"collection":[{"href":"https:\/\/talstadtgemeinde-bernburg.de\/index.php?rest_route=\/wp\/v2\/pages"}],"about":[{"href":"https:\/\/talstadtgemeinde-bernburg.de\/index.php?rest_route=\/wp\/v2\/types\/page"}],"author":[{"embeddable":true,"href":"https:\/\/talstadtgemeinde-bernburg.de\/index.php?rest_route=\/wp\/v2\/users\/2"}],"replies":[{"embeddable":true,"href":"https:\/\/talstadtgemeinde-bernburg.de\/index.php?rest_route=%2Fwp%2Fv2%2Fcomments&post=1036"}],"version-history":[{"count":0,"href":"https:\/\/talstadtgemeinde-bernburg.de\/index.php?rest_route=\/wp\/v2\/pages\/1036\/revisions"}],"up":[{"embeddable":true,"href":"https:\/\/talstadtgemeinde-bernburg.de\/index.php?rest_route=\/wp\/v2\/pages\/833"}],"wp:attachment":[{"href":"https:\/\/talstadtgemeinde-bernburg.de\/index.php?rest_route=%2Fwp%2Fv2%2Fmedia&parent=1036"}],"curies":[{"name":"wp","href":"https:\/\/api.w.org\/{rel}","templated":true}]}}