{"id":1051,"date":"2015-07-13T11:42:44","date_gmt":"2015-07-13T09:42:44","guid":{"rendered":"http:\/\/talstadtgemeinde-bernburg.de\/?page_id=1051"},"modified":"2015-07-13T11:42:44","modified_gmt":"2015-07-13T09:42:44","slug":"gemeindefest-2015","status":"publish","type":"page","link":"https:\/\/talstadtgemeinde-bernburg.de\/?page_id=1051","title":{"rendered":"Gemeindefest 2015"},"content":{"rendered":"<p>Am 21. Juni 2015 fand unser Gemeindefest mit Familiengottesdienst, Posaunenchor und Kirchenchor statt.<\/p>\n<p><a href=\"https:\/\/talstadtgemeinde-bernburg.de\/wp-content\/uploads\/2015\/07\/Bildschirmfoto-2015-07-13-um-13.38.36.png\"><img loading=\"lazy\" decoding=\"async\" class=\"alignnone size-thumbnail wp-image-1104\" src=\"https:\/\/talstadtgemeinde-bernburg.de\/wp-content\/uploads\/2015\/07\/Bildschirmfoto-2015-07-13-um-13.38.36-150x150.png\" alt=\"Bildschirmfoto 2015-07-13 um 13.38.36\" width=\"150\" height=\"150\" \/><\/a>\u00a0\u00a0<a href=\"https:\/\/talstadtgemeinde-bernburg.de\/wp-content\/uploads\/2015\/07\/Bildschirmfoto-2015-07-13-um-13.38.59.png\"><img loading=\"lazy\" decoding=\"async\" class=\"alignnone size-thumbnail wp-image-1105\" src=\"https:\/\/talstadtgemeinde-bernburg.de\/wp-content\/uploads\/2015\/07\/Bildschirmfoto-2015-07-13-um-13.38.59-150x150.png\" alt=\"Bildschirmfoto 2015-07-13 um 13.38.59\" width=\"150\" height=\"150\" \/><\/a>\u00a0\u00a0<a href=\"https:\/\/talstadtgemeinde-bernburg.de\/wp-content\/uploads\/2015\/07\/Bildschirmfoto-2015-07-13-um-13.39.08.png\"><img loading=\"lazy\" decoding=\"async\" class=\"alignnone size-thumbnail wp-image-1106\" src=\"https:\/\/talstadtgemeinde-bernburg.de\/wp-content\/uploads\/2015\/07\/Bildschirmfoto-2015-07-13-um-13.39.08-150x150.png\" alt=\"Bildschirmfoto 2015-07-13 um 13.39.08\" width=\"150\" height=\"150\" \/><\/a>\u00a0\u00a0<a href=\"https:\/\/talstadtgemeinde-bernburg.de\/wp-content\/uploads\/2015\/07\/Bildschirmfoto-2015-07-13-um-13.39.17.png\"><img loading=\"lazy\" decoding=\"async\" class=\"alignnone size-thumbnail wp-image-1107\" src=\"https:\/\/talstadtgemeinde-bernburg.de\/wp-content\/uploads\/2015\/07\/Bildschirmfoto-2015-07-13-um-13.39.17-150x150.png\" alt=\"Bildschirmfoto 2015-07-13 um 13.39.17\" width=\"150\" height=\"150\" \/><\/a>\u00a0\u00a0<a href=\"https:\/\/talstadtgemeinde-bernburg.de\/wp-content\/uploads\/2015\/07\/Bildschirmfoto-2015-07-13-um-13.39.33.png\"><img loading=\"lazy\" decoding=\"async\" class=\"alignnone size-thumbnail wp-image-1108\" src=\"https:\/\/talstadtgemeinde-bernburg.de\/wp-content\/uploads\/2015\/07\/Bildschirmfoto-2015-07-13-um-13.39.33-150x150.png\" alt=\"Bildschirmfoto 2015-07-13 um 13.39.33\" width=\"150\" height=\"150\" \/><\/a>\u00a0\u00a0<a href=\"https:\/\/talstadtgemeinde-bernburg.de\/wp-content\/uploads\/2015\/07\/Bildschirmfoto-2015-07-13-um-13.39.49.png\"><img loading=\"lazy\" decoding=\"async\" class=\"alignnone size-thumbnail wp-image-1109\" src=\"https:\/\/talstadtgemeinde-bernburg.de\/wp-content\/uploads\/2015\/07\/Bildschirmfoto-2015-07-13-um-13.39.49-150x150.png\" alt=\"Bildschirmfoto 2015-07-13 um 13.39.49\" width=\"150\" height=\"150\" srcset=\"https:\/\/talstadtgemeinde-bernburg.de\/wp-content\/uploads\/2015\/07\/Bildschirmfoto-2015-07-13-um-13.39.49-150x150.png 150w, https:\/\/talstadtgemeinde-bernburg.de\/wp-content\/uploads\/2015\/07\/Bildschirmfoto-2015-07-13-um-13.39.49-298x300.png 298w, https:\/\/talstadtgemeinde-bernburg.de\/wp-content\/uploads\/2015\/07\/Bildschirmfoto-2015-07-13-um-13.39.49.png 333w\" sizes=\"(max-width: 150px) 100vw, 150px\" \/><\/a>\u00a0\u00a0<a href=\"https:\/\/talstadtgemeinde-bernburg.de\/wp-content\/uploads\/2015\/07\/Bildschirmfoto-2015-07-13-um-13.39.59.png\"><img loading=\"lazy\" decoding=\"async\" class=\"alignnone size-thumbnail wp-image-1111\" src=\"https:\/\/talstadtgemeinde-bernburg.de\/wp-content\/uploads\/2015\/07\/Bildschirmfoto-2015-07-13-um-13.39.59-150x150.png\" alt=\"Bildschirmfoto 2015-07-13 um 13.39.59\" width=\"150\" height=\"150\" \/><\/a>\u00a0\u00a0<a href=\"https:\/\/talstadtgemeinde-bernburg.de\/wp-content\/uploads\/2015\/07\/Bildschirmfoto-2015-07-13-um-13.40.11.png\"><img loading=\"lazy\" decoding=\"async\" class=\"alignnone size-thumbnail wp-image-1113\" src=\"https:\/\/talstadtgemeinde-bernburg.de\/wp-content\/uploads\/2015\/07\/Bildschirmfoto-2015-07-13-um-13.40.11-150x150.png\" alt=\"Bildschirmfoto 2015-07-13 um 13.40.11\" width=\"150\" height=\"150\" \/><\/a>\u00a0\u00a0<a href=\"https:\/\/talstadtgemeinde-bernburg.de\/wp-content\/uploads\/2015\/07\/Bildschirmfoto-2015-07-13-um-13.40.22.png\"><img loading=\"lazy\" decoding=\"async\" class=\"alignnone size-thumbnail wp-image-1114\" src=\"https:\/\/talstadtgemeinde-bernburg.de\/wp-content\/uploads\/2015\/07\/Bildschirmfoto-2015-07-13-um-13.40.22-150x150.png\" alt=\"Bildschirmfoto 2015-07-13 um 13.40.22\" width=\"150\" height=\"150\" \/><\/a>\u00a0\u00a0<a href=\"https:\/\/talstadtgemeinde-bernburg.de\/wp-content\/uploads\/2015\/07\/Bildschirmfoto-2015-07-13-um-13.40.34.png\"><img loading=\"lazy\" decoding=\"async\" class=\"alignnone size-thumbnail wp-image-1115\" src=\"https:\/\/talstadtgemeinde-bernburg.de\/wp-content\/uploads\/2015\/07\/Bildschirmfoto-2015-07-13-um-13.40.34-150x150.png\" alt=\"Bildschirmfoto 2015-07-13 um 13.40.34\" width=\"150\" height=\"150\" \/><\/a>\u00a0\u00a0<a href=\"https:\/\/talstadtgemeinde-bernburg.de\/wp-content\/uploads\/2015\/07\/Bildschirmfoto-2015-07-13-um-13.40.44.png\"><img loading=\"lazy\" decoding=\"async\" class=\"alignnone size-thumbnail wp-image-1116\" src=\"https:\/\/talstadtgemeinde-bernburg.de\/wp-content\/uploads\/2015\/07\/Bildschirmfoto-2015-07-13-um-13.40.44-150x150.png\" alt=\"Bildschirmfoto 2015-07-13 um 13.40.44\" width=\"150\" height=\"150\" \/><\/a>\u00a0\u00a0<a href=\"https:\/\/talstadtgemeinde-bernburg.de\/wp-content\/uploads\/2015\/07\/Bildschirmfoto-2015-07-13-um-13.40.57.png\"><img loading=\"lazy\" decoding=\"async\" class=\"alignnone size-thumbnail wp-image-1117\" src=\"https:\/\/talstadtgemeinde-bernburg.de\/wp-content\/uploads\/2015\/07\/Bildschirmfoto-2015-07-13-um-13.40.57-150x150.png\" alt=\"Bildschirmfoto 2015-07-13 um 13.40.57\" width=\"150\" height=\"150\" \/><\/a>\u00a0\u00a0<a href=\"https:\/\/talstadtgemeinde-bernburg.de\/wp-content\/uploads\/2015\/07\/Bildschirmfoto-2015-07-13-um-13.41.09.png\"><img loading=\"lazy\" decoding=\"async\" class=\"alignnone size-thumbnail wp-image-1118\" src=\"https:\/\/talstadtgemeinde-bernburg.de\/wp-content\/uploads\/2015\/07\/Bildschirmfoto-2015-07-13-um-13.41.09-150x150.png\" alt=\"Bildschirmfoto 2015-07-13 um 13.41.09\" width=\"150\" height=\"150\" \/><\/a>\u00a0\u00a0<a href=\"https:\/\/talstadtgemeinde-bernburg.de\/wp-content\/uploads\/2015\/07\/Bildschirmfoto-2015-07-13-um-13.41.19.png\"><img loading=\"lazy\" decoding=\"async\" class=\"alignnone size-thumbnail wp-image-1120\" src=\"https:\/\/talstadtgemeinde-bernburg.de\/wp-content\/uploads\/2015\/07\/Bildschirmfoto-2015-07-13-um-13.41.19-150x150.png\" alt=\"Bildschirmfoto 2015-07-13 um 13.41.19\" width=\"150\" height=\"150\" \/><\/a>\u00a0\u00a0<a href=\"https:\/\/talstadtgemeinde-bernburg.de\/wp-content\/uploads\/2015\/07\/Bildschirmfoto-2015-07-13-um-13.41.51.png\"><img loading=\"lazy\" decoding=\"async\" class=\"alignnone size-thumbnail wp-image-1123\" src=\"https:\/\/talstadtgemeinde-bernburg.de\/wp-content\/uploads\/2015\/07\/Bildschirmfoto-2015-07-13-um-13.41.51-150x150.png\" alt=\"Bildschirmfoto 2015-07-13 um 13.41.51\" width=\"150\" height=\"150\" \/><\/a>\u00a0\u00a0<a href=\"https:\/\/talstadtgemeinde-bernburg.de\/wp-content\/uploads\/2015\/07\/Bildschirmfoto-2015-07-13-um-13.41.30.png\"><img loading=\"lazy\" decoding=\"async\" class=\"alignnone size-thumbnail wp-image-1121\" src=\"https:\/\/talstadtgemeinde-bernburg.de\/wp-content\/uploads\/2015\/07\/Bildschirmfoto-2015-07-13-um-13.41.30-150x150.png\" alt=\"Bildschirmfoto 2015-07-13 um 13.41.30\" width=\"150\" height=\"150\" \/><\/a>\u00a0\u00a0<a href=\"https:\/\/talstadtgemeinde-bernburg.de\/wp-content\/uploads\/2015\/07\/Bildschirmfoto-2015-07-13-um-13.41.40.png\"><img loading=\"lazy\" decoding=\"async\" class=\"alignnone wp-image-1122 size-thumbnail\" src=\"https:\/\/talstadtgemeinde-bernburg.de\/wp-content\/uploads\/2015\/07\/Bildschirmfoto-2015-07-13-um-13.41.40-150x150.png\" alt=\"Bildschirmfoto 2015-07-13 um 13.41.40\" width=\"150\" height=\"150\" \/><\/a><\/p>\n<pre>F\u00fcr eine vergr\u00f6\u00dferte Darstellung w\u00e4hlen Sie ein Foto aus.<\/pre>\n","protected":false},"excerpt":{"rendered":"<p>Am 21. Juni 2015 fand unser Gemeindefest mit Familiengottesdienst, Posaunenchor und Kirchenchor statt. \u00a0\u00a0\u00a0\u00a0\u00a0\u00a0\u00a0\u00a0\u00a0\u00a0\u00a0\u00a0\u00a0\u00a0\u00a0\u00a0\u00a0\u00a0\u00a0\u00a0\u00a0\u00a0\u00a0\u00a0\u00a0\u00a0\u00a0\u00a0\u00a0\u00a0\u00a0\u00a0 F\u00fcr eine vergr\u00f6\u00dferte Darstellung w\u00e4hlen Sie ein Foto aus.<\/p>\n","protected":false},"author":2,"featured_media":0,"parent":833,"menu_order":0,"comment_status":"closed","ping_status":"closed","template":"page-templates\/full-width.php","meta":{"footnotes":""},"_links":{"self":[{"href":"https:\/\/talstadtgemeinde-bernburg.de\/index.php?rest_route=\/wp\/v2\/pages\/1051"}],"collection":[{"href":"https:\/\/talstadtgemeinde-bernburg.de\/index.php?rest_route=\/wp\/v2\/pages"}],"about":[{"href":"https:\/\/talstadtgemeinde-bernburg.de\/index.php?rest_route=\/wp\/v2\/types\/page"}],"author":[{"embeddable":true,"href":"https:\/\/talstadtgemeinde-bernburg.de\/index.php?rest_route=\/wp\/v2\/users\/2"}],"replies":[{"embeddable":true,"href":"https:\/\/talstadtgemeinde-bernburg.de\/index.php?rest_route=%2Fwp%2Fv2%2Fcomments&post=1051"}],"version-history":[{"count":0,"href":"https:\/\/talstadtgemeinde-bernburg.de\/index.php?rest_route=\/wp\/v2\/pages\/1051\/revisions"}],"up":[{"embeddable":true,"href":"https:\/\/talstadtgemeinde-bernburg.de\/index.php?rest_route=\/wp\/v2\/pages\/833"}],"wp:attachment":[{"href":"https:\/\/talstadtgemeinde-bernburg.de\/index.php?rest_route=%2Fwp%2Fv2%2Fmedia&parent=1051"}],"curies":[{"name":"wp","href":"https:\/\/api.w.org\/{rel}","templated":true}]}}