{"id":1218,"date":"2015-08-18T12:20:15","date_gmt":"2015-08-18T10:20:15","guid":{"rendered":"http:\/\/talstadtgemeinde-bernburg.de\/?page_id=1218"},"modified":"2015-08-18T12:20:15","modified_gmt":"2015-08-18T10:20:15","slug":"scheckuebergabe-an-den-foerderkreis","status":"publish","type":"page","link":"https:\/\/talstadtgemeinde-bernburg.de\/?page_id=1218","title":{"rendered":"Scheck\u00fcbergabe an den F\u00f6rderkreis"},"content":{"rendered":"<p>Am 18.08.2015 lud der F\u00f6rderkreis &#8222;Neue Orgel f\u00fcr Marien&#8220; zu 11 Uhr in die Marienkirche. Anlass war eine \u00f6ffentliche Scheck\u00fcbergabe an den Vorstand des F\u00f6rderkreises. Die \u00f6rtliche Presse war der Einladung gerne gefolgt.<\/p>\n<div id=\"attachment_1219\" style=\"width: 676px\" class=\"wp-caption aligncenter\"><a href=\"https:\/\/talstadtgemeinde-bernburg.de\/wp-content\/uploads\/2015\/08\/Bildschirmfoto-2015-08-18-um-11.54.16.png\"><img loading=\"lazy\" decoding=\"async\" aria-describedby=\"caption-attachment-1219\" class=\"wp-image-1219 size-full\" src=\"https:\/\/talstadtgemeinde-bernburg.de\/wp-content\/uploads\/2015\/08\/Bildschirmfoto-2015-08-18-um-11.54.16.png\" alt=\"Vorstand bei der Scheck\u00fcbergabe am 18. August 2015\" width=\"666\" height=\"499\" srcset=\"https:\/\/talstadtgemeinde-bernburg.de\/wp-content\/uploads\/2015\/08\/Bildschirmfoto-2015-08-18-um-11.54.16.png 666w, https:\/\/talstadtgemeinde-bernburg.de\/wp-content\/uploads\/2015\/08\/Bildschirmfoto-2015-08-18-um-11.54.16-300x225.png 300w, https:\/\/talstadtgemeinde-bernburg.de\/wp-content\/uploads\/2015\/08\/Bildschirmfoto-2015-08-18-um-11.54.16-624x468.png 624w\" sizes=\"(max-width: 666px) 100vw, 666px\" \/><\/a><p id=\"caption-attachment-1219\" class=\"wp-caption-text\">Vorstand bei der Scheck\u00fcbergabe am 18. August 2015 (v.l. Wolf-Dieter Kleinschmidt, Arnhild Peters, Johannes Lewek)<\/p><\/div>\n<p>Weiteres zum F\u00f6rderkreis &#8222;Neue Orgel f\u00fcr Marien&#8220; erfahren Sie <a href=\"https:\/\/talstadtgemeinde-bernburg.de\/?page_id=1191\">hier<\/a>!<\/p>\n<p>Die weiteren Fotos zeigen die Veranstaltung, den aktuellen Stand und\u00a0<strong><em>einen Blick hinter das Prospekt der Orgel.<\/em><\/strong><\/p>\n\n\t\t<style type=\"text\/css\">\n\t\t\t#gallery-1 {\n\t\t\t\tmargin: auto;\n\t\t\t}\n\t\t\t#gallery-1 .gallery-item {\n\t\t\t\tfloat: left;\n\t\t\t\tmargin-top: 10px;\n\t\t\t\ttext-align: center;\n\t\t\t\twidth: 33%;\n\t\t\t}\n\t\t\t#gallery-1 img {\n\t\t\t\tborder: 2px solid #cfcfcf;\n\t\t\t}\n\t\t\t#gallery-1 .gallery-caption {\n\t\t\t\tmargin-left: 0;\n\t\t\t}\n\t\t\t\/* see gallery_shortcode() in wp-includes\/media.php *\/\n\t\t<\/style>\n\t\t<div id='gallery-1' class='gallery galleryid-1218 gallery-columns-3 gallery-size-thumbnail'><dl class='gallery-item'>\n\t\t\t<dt class='gallery-icon landscape'>\n\t\t\t\t<a href='https:\/\/talstadtgemeinde-bernburg.de\/wp-content\/uploads\/2015\/08\/Bildschirmfoto-2015-08-18-um-11.56.15.png'><img loading=\"lazy\" decoding=\"async\" width=\"150\" height=\"150\" src=\"https:\/\/talstadtgemeinde-bernburg.de\/wp-content\/uploads\/2015\/08\/Bildschirmfoto-2015-08-18-um-11.56.15-150x150.png\" class=\"attachment-thumbnail size-thumbnail\" alt=\"\" \/><\/a>\n\t\t\t<\/dt><\/dl><dl class='gallery-item'>\n\t\t\t<dt class='gallery-icon landscape'>\n\t\t\t\t<a href='https:\/\/talstadtgemeinde-bernburg.de\/wp-content\/uploads\/2015\/08\/Bildschirmfoto-2015-08-18-um-11.53.53.png'><img loading=\"lazy\" decoding=\"async\" width=\"150\" height=\"150\" src=\"https:\/\/talstadtgemeinde-bernburg.de\/wp-content\/uploads\/2015\/08\/Bildschirmfoto-2015-08-18-um-11.53.53-150x150.png\" class=\"attachment-thumbnail size-thumbnail\" alt=\"\" \/><\/a>\n\t\t\t<\/dt><\/dl><dl class='gallery-item'>\n\t\t\t<dt class='gallery-icon portrait'>\n\t\t\t\t<a href='https:\/\/talstadtgemeinde-bernburg.de\/wp-content\/uploads\/2015\/08\/Bildschirmfoto-2015-08-18-um-11.55.50.png'><img loading=\"lazy\" decoding=\"async\" width=\"150\" height=\"150\" src=\"https:\/\/talstadtgemeinde-bernburg.de\/wp-content\/uploads\/2015\/08\/Bildschirmfoto-2015-08-18-um-11.55.50-150x150.png\" class=\"attachment-thumbnail size-thumbnail\" alt=\"\" \/><\/a>\n\t\t\t<\/dt><\/dl><br style=\"clear: both\" \/><dl class='gallery-item'>\n\t\t\t<dt class='gallery-icon landscape'>\n\t\t\t\t<a href='https:\/\/talstadtgemeinde-bernburg.de\/wp-content\/uploads\/2015\/08\/Bildschirmfoto-2015-08-18-um-11.53.19.png'><img loading=\"lazy\" decoding=\"async\" width=\"150\" height=\"150\" src=\"https:\/\/talstadtgemeinde-bernburg.de\/wp-content\/uploads\/2015\/08\/Bildschirmfoto-2015-08-18-um-11.53.19-150x150.png\" class=\"attachment-thumbnail size-thumbnail\" alt=\"\" \/><\/a>\n\t\t\t<\/dt><\/dl><dl class='gallery-item'>\n\t\t\t<dt class='gallery-icon portrait'>\n\t\t\t\t<a href='https:\/\/talstadtgemeinde-bernburg.de\/wp-content\/uploads\/2015\/08\/Bildschirmfoto-2015-08-18-um-11.56.39.png'><img loading=\"lazy\" decoding=\"async\" width=\"150\" height=\"150\" src=\"https:\/\/talstadtgemeinde-bernburg.de\/wp-content\/uploads\/2015\/08\/Bildschirmfoto-2015-08-18-um-11.56.39-150x150.png\" class=\"attachment-thumbnail size-thumbnail\" alt=\"\" \/><\/a>\n\t\t\t<\/dt><\/dl><dl class='gallery-item'>\n\t\t\t<dt class='gallery-icon portrait'>\n\t\t\t\t<a href='https:\/\/talstadtgemeinde-bernburg.de\/wp-content\/uploads\/2015\/08\/Bildschirmfoto-2015-08-18-um-11.56.48.png'><img loading=\"lazy\" decoding=\"async\" width=\"150\" height=\"150\" src=\"https:\/\/talstadtgemeinde-bernburg.de\/wp-content\/uploads\/2015\/08\/Bildschirmfoto-2015-08-18-um-11.56.48-150x150.png\" class=\"attachment-thumbnail size-thumbnail\" alt=\"\" \/><\/a>\n\t\t\t<\/dt><\/dl><br style=\"clear: both\" \/><dl class='gallery-item'>\n\t\t\t<dt class='gallery-icon landscape'>\n\t\t\t\t<a href='https:\/\/talstadtgemeinde-bernburg.de\/wp-content\/uploads\/2015\/08\/Bildschirmfoto-2015-08-18-um-11.56.58.png'><img loading=\"lazy\" decoding=\"async\" width=\"150\" height=\"150\" src=\"https:\/\/talstadtgemeinde-bernburg.de\/wp-content\/uploads\/2015\/08\/Bildschirmfoto-2015-08-18-um-11.56.58-150x150.png\" class=\"attachment-thumbnail size-thumbnail\" alt=\"\" \/><\/a>\n\t\t\t<\/dt><\/dl><dl class='gallery-item'>\n\t\t\t<dt class='gallery-icon landscape'>\n\t\t\t\t<a href='https:\/\/talstadtgemeinde-bernburg.de\/wp-content\/uploads\/2015\/08\/Bildschirmfoto-2015-08-18-um-11.57.15.png'><img loading=\"lazy\" decoding=\"async\" width=\"150\" height=\"150\" src=\"https:\/\/talstadtgemeinde-bernburg.de\/wp-content\/uploads\/2015\/08\/Bildschirmfoto-2015-08-18-um-11.57.15-150x150.png\" class=\"attachment-thumbnail size-thumbnail\" alt=\"\" \/><\/a>\n\t\t\t<\/dt><\/dl><dl class='gallery-item'>\n\t\t\t<dt class='gallery-icon landscape'>\n\t\t\t\t<a href='https:\/\/talstadtgemeinde-bernburg.de\/wp-content\/uploads\/2015\/08\/Bildschirmfoto-2015-08-18-um-11.57.29.png'><img loading=\"lazy\" decoding=\"async\" width=\"150\" height=\"150\" src=\"https:\/\/talstadtgemeinde-bernburg.de\/wp-content\/uploads\/2015\/08\/Bildschirmfoto-2015-08-18-um-11.57.29-150x150.png\" class=\"attachment-thumbnail size-thumbnail\" alt=\"\" \/><\/a>\n\t\t\t<\/dt><\/dl><br style=\"clear: both\" \/><dl class='gallery-item'>\n\t\t\t<dt class='gallery-icon portrait'>\n\t\t\t\t<a href='https:\/\/talstadtgemeinde-bernburg.de\/wp-content\/uploads\/2015\/08\/Bildschirmfoto-2015-08-18-um-11.57.40.png'><img loading=\"lazy\" decoding=\"async\" width=\"150\" height=\"150\" src=\"https:\/\/talstadtgemeinde-bernburg.de\/wp-content\/uploads\/2015\/08\/Bildschirmfoto-2015-08-18-um-11.57.40-150x150.png\" class=\"attachment-thumbnail size-thumbnail\" alt=\"\" \/><\/a>\n\t\t\t<\/dt><\/dl><dl class='gallery-item'>\n\t\t\t<dt class='gallery-icon landscape'>\n\t\t\t\t<a href='https:\/\/talstadtgemeinde-bernburg.de\/wp-content\/uploads\/2015\/08\/Bildschirmfoto-2015-08-18-um-11.57.53.png'><img loading=\"lazy\" decoding=\"async\" width=\"150\" height=\"150\" src=\"https:\/\/talstadtgemeinde-bernburg.de\/wp-content\/uploads\/2015\/08\/Bildschirmfoto-2015-08-18-um-11.57.53-150x150.png\" class=\"attachment-thumbnail size-thumbnail\" alt=\"\" \/><\/a>\n\t\t\t<\/dt><\/dl><dl class='gallery-item'>\n\t\t\t<dt class='gallery-icon landscape'>\n\t\t\t\t<a href='https:\/\/talstadtgemeinde-bernburg.de\/wp-content\/uploads\/2015\/08\/Bildschirmfoto-2015-08-18-um-11.58.05.png'><img loading=\"lazy\" decoding=\"async\" width=\"150\" height=\"150\" src=\"https:\/\/talstadtgemeinde-bernburg.de\/wp-content\/uploads\/2015\/08\/Bildschirmfoto-2015-08-18-um-11.58.05-150x150.png\" class=\"attachment-thumbnail size-thumbnail\" alt=\"\" \/><\/a>\n\t\t\t<\/dt><\/dl><br style=\"clear: both\" \/><dl class='gallery-item'>\n\t\t\t<dt class='gallery-icon portrait'>\n\t\t\t\t<a href='https:\/\/talstadtgemeinde-bernburg.de\/wp-content\/uploads\/2015\/08\/Bildschirmfoto-2015-08-18-um-11.58.19.png'><img loading=\"lazy\" decoding=\"async\" width=\"150\" height=\"150\" src=\"https:\/\/talstadtgemeinde-bernburg.de\/wp-content\/uploads\/2015\/08\/Bildschirmfoto-2015-08-18-um-11.58.19-150x150.png\" class=\"attachment-thumbnail size-thumbnail\" alt=\"\" \/><\/a>\n\t\t\t<\/dt><\/dl><dl class='gallery-item'>\n\t\t\t<dt class='gallery-icon portrait'>\n\t\t\t\t<a href='https:\/\/talstadtgemeinde-bernburg.de\/wp-content\/uploads\/2015\/08\/Bildschirmfoto-2015-08-18-um-11.58.35.png'><img loading=\"lazy\" decoding=\"async\" width=\"150\" height=\"150\" src=\"https:\/\/talstadtgemeinde-bernburg.de\/wp-content\/uploads\/2015\/08\/Bildschirmfoto-2015-08-18-um-11.58.35-150x150.png\" class=\"attachment-thumbnail size-thumbnail\" alt=\"\" \/><\/a>\n\t\t\t<\/dt><\/dl><dl class='gallery-item'>\n\t\t\t<dt class='gallery-icon portrait'>\n\t\t\t\t<a href='https:\/\/talstadtgemeinde-bernburg.de\/wp-content\/uploads\/2015\/08\/Bildschirmfoto-2015-08-18-um-11.58.45.png'><img loading=\"lazy\" decoding=\"async\" width=\"150\" height=\"150\" src=\"https:\/\/talstadtgemeinde-bernburg.de\/wp-content\/uploads\/2015\/08\/Bildschirmfoto-2015-08-18-um-11.58.45-150x150.png\" class=\"attachment-thumbnail size-thumbnail\" alt=\"\" \/><\/a>\n\t\t\t<\/dt><\/dl><br style=\"clear: both\" \/><dl class='gallery-item'>\n\t\t\t<dt class='gallery-icon landscape'>\n\t\t\t\t<a href='https:\/\/talstadtgemeinde-bernburg.de\/wp-content\/uploads\/2015\/08\/Bildschirmfoto-2015-08-18-um-11.58.58.png'><img loading=\"lazy\" decoding=\"async\" width=\"150\" height=\"150\" src=\"https:\/\/talstadtgemeinde-bernburg.de\/wp-content\/uploads\/2015\/08\/Bildschirmfoto-2015-08-18-um-11.58.58-150x150.png\" class=\"attachment-thumbnail size-thumbnail\" alt=\"\" \/><\/a>\n\t\t\t<\/dt><\/dl><dl class='gallery-item'>\n\t\t\t<dt class='gallery-icon landscape'>\n\t\t\t\t<a href='https:\/\/talstadtgemeinde-bernburg.de\/wp-content\/uploads\/2015\/08\/Bildschirmfoto-2015-08-18-um-11.59.40.png'><img loading=\"lazy\" decoding=\"async\" width=\"150\" height=\"150\" src=\"https:\/\/talstadtgemeinde-bernburg.de\/wp-content\/uploads\/2015\/08\/Bildschirmfoto-2015-08-18-um-11.59.40-150x150.png\" class=\"attachment-thumbnail size-thumbnail\" alt=\"\" \/><\/a>\n\t\t\t<\/dt><\/dl><dl class='gallery-item'>\n\t\t\t<dt class='gallery-icon landscape'>\n\t\t\t\t<a href='https:\/\/talstadtgemeinde-bernburg.de\/wp-content\/uploads\/2015\/08\/Bildschirmfoto-2015-08-18-um-11.59.58.png'><img loading=\"lazy\" decoding=\"async\" width=\"150\" height=\"150\" src=\"https:\/\/talstadtgemeinde-bernburg.de\/wp-content\/uploads\/2015\/08\/Bildschirmfoto-2015-08-18-um-11.59.58-150x150.png\" class=\"attachment-thumbnail size-thumbnail\" alt=\"\" \/><\/a>\n\t\t\t<\/dt><\/dl><br style=\"clear: both\" \/>\n\t\t<\/div>\n\n<pre>W\u00e4hlen Sie ein Foto aus, um es vergr\u00f6\u00dfert zu betrachten.<\/pre>\n","protected":false},"excerpt":{"rendered":"<p>Am 18.08.2015 lud der F\u00f6rderkreis &#8222;Neue Orgel f\u00fcr Marien&#8220; zu 11 Uhr in die Marienkirche. Anlass war eine \u00f6ffentliche Scheck\u00fcbergabe an den Vorstand des F\u00f6rderkreises. Die \u00f6rtliche Presse war der Einladung gerne gefolgt. Weiteres zum F\u00f6rderkreis &#8222;Neue Orgel f\u00fcr Marien&#8220; erfahren Sie hier! Die weiteren Fotos zeigen die Veranstaltung, den aktuellen Stand und\u00a0einen Blick hinter [&hellip;]<\/p>\n","protected":false},"author":2,"featured_media":0,"parent":0,"menu_order":0,"comment_status":"closed","ping_status":"closed","template":"","meta":{"footnotes":""},"_links":{"self":[{"href":"https:\/\/talstadtgemeinde-bernburg.de\/index.php?rest_route=\/wp\/v2\/pages\/1218"}],"collection":[{"href":"https:\/\/talstadtgemeinde-bernburg.de\/index.php?rest_route=\/wp\/v2\/pages"}],"about":[{"href":"https:\/\/talstadtgemeinde-bernburg.de\/index.php?rest_route=\/wp\/v2\/types\/page"}],"author":[{"embeddable":true,"href":"https:\/\/talstadtgemeinde-bernburg.de\/index.php?rest_route=\/wp\/v2\/users\/2"}],"replies":[{"embeddable":true,"href":"https:\/\/talstadtgemeinde-bernburg.de\/index.php?rest_route=%2Fwp%2Fv2%2Fcomments&post=1218"}],"version-history":[{"count":0,"href":"https:\/\/talstadtgemeinde-bernburg.de\/index.php?rest_route=\/wp\/v2\/pages\/1218\/revisions"}],"wp:attachment":[{"href":"https:\/\/talstadtgemeinde-bernburg.de\/index.php?rest_route=%2Fwp%2Fv2%2Fmedia&parent=1218"}],"curies":[{"name":"wp","href":"https:\/\/api.w.org\/{rel}","templated":true}]}}