{"id":1559,"date":"2016-10-22T15:01:45","date_gmt":"2016-10-22T13:01:45","guid":{"rendered":"http:\/\/talstadtgemeinde-bernburg.de\/?page_id=1559"},"modified":"2016-10-22T15:01:45","modified_gmt":"2016-10-22T13:01:45","slug":"geschichte-der-marienkirche-7","status":"publish","type":"page","link":"https:\/\/talstadtgemeinde-bernburg.de\/?page_id=1559","title":{"rendered":"Die Geschichte der Bernburger Marienkirche"},"content":{"rendered":"<div class=\"hidden-xs\" style=\"float: left; width: 180px; height: 330px;\">\n<div class=\"btn-group-vertical\">\n<div class=\"btn-group\"><button class=\"btn btn-default\" type=\"button\"><a href=\"https:\/\/talstadtgemeinde-bernburg.de\/?page_id=1546\">Name<\/a><\/button><\/div>\n<div class=\"btn-group\"><button class=\"btn btn-default\" type=\"button\"><a href=\"https:\/\/talstadtgemeinde-bernburg.de\/?page_id=1548\">Chor<\/a><\/button><\/div>\n<div class=\"btn-group\"><button class=\"btn btn-default\" type=\"button\"><a href=\"https:\/\/talstadtgemeinde-bernburg.de\/?page_id=1550\">Ausstattung<\/a><\/button><\/div>\n<div class=\"btn-group\"><button class=\"btn btn-default\" type=\"button\"><a href=\"https:\/\/talstadtgemeinde-bernburg.de\/?page_id=1552\">Kanzel\/Taufstein<\/a><\/button><\/div>\n<div class=\"btn-group\"><button class=\"btn btn-default\" type=\"button\"><a href=\"https:\/\/talstadtgemeinde-bernburg.de\/?page_id=1554\">Orgel<\/a><\/button><\/div>\n<div class=\"btn-group\"><button class=\"btn btn-default\" type=\"button\"><a href=\"https:\/\/talstadtgemeinde-bernburg.de\/?page_id=1557\">Apostel<\/a><\/button><\/div>\n<div class=\"btn-group\"><button class=\"btn btn-default active\" type=\"button\">Glocken<\/button><\/div>\n<div class=\"btn-group\"><button class=\"btn btn-default\" type=\"button\"><a href=\"https:\/\/talstadtgemeinde-bernburg.de\/?page_id=1561\">T\u00fcrmerstube<\/a><\/button><\/div>\n<div class=\"btn-group\"><button class=\"btn btn-default\" type=\"button\"><a href=\"https:\/\/talstadtgemeinde-bernburg.de\/?page_id=1563\">Das &#8222;Gef\u00e4ngnis&#8220;<\/a><\/button><\/div>\n<\/div>\n<\/div>\n<p><b>Die Glocken<img loading=\"lazy\" decoding=\"async\" class=\"alignright size-medium wp-image-1616\" src=\"https:\/\/talstadtgemeinde-bernburg.de\/wp-content\/uploads\/2016\/10\/IMG_2746-172x300.jpg\" alt=\"img_2746\" width=\"172\" height=\"300\" srcset=\"https:\/\/talstadtgemeinde-bernburg.de\/wp-content\/uploads\/2016\/10\/IMG_2746-172x300.jpg 172w, https:\/\/talstadtgemeinde-bernburg.de\/wp-content\/uploads\/2016\/10\/IMG_2746-587x1024.jpg 587w, https:\/\/talstadtgemeinde-bernburg.de\/wp-content\/uploads\/2016\/10\/IMG_2746.jpg 600w\" sizes=\"(max-width: 172px) 100vw, 172px\" \/><\/b><\/p>\n<p>Im Glockenstuhl befanden sich einmal vier Glocken.<\/p>\n<p>Die gro\u00dfe, auch Dominikalglocke genannt, wurde, nach einer Umschrift zu schlie\u00dfen, am 14.8.1368 gegossen, einen Tag vor dem Fest Mari\u00e4 Himmelfahrt. Zu besonderen Anl\u00e4ssen wurde sie auch allein gel\u00e4utet. Auch diente sie als Feuer- und Sturmglocke. Diese Glocke ist im Jahre 1811 zerschlagen worden, um Geld zu gewinnen zur Wiederherstellung der durch Kriegsn\u00f6te sehr verw\u00fcsteten Kirche.<\/p>\n<p>Die fr\u00fcher mittelste, jetzt gr\u00f6\u00dfte Glocke hie\u00df auch Vesperglocke. Als sie im Jahre 1583 zersprungen war, ist sie 1584 von einem Glockengie\u00dfer aus Erfurt, namens Eckhard Kuchern, umgegossen worden. Ihre Umschrift lautete: \u201cJerem. am 7. Kap. Tritt unter das Thor des Herrn Haus \u2013 Und schrei mit lauter Stimme naus, zu h\u00f6ren das Wort des Herrn, Mit Glocken, Harfen und Psalmen in Ehrn. Folget nicht dem unbekannten Gott, Christus hilft aus aller Noth. Eckardt Kuchger go\u00df mich in C\u00f6nnern MDLXXXIII.\u201d<\/p>\n<p>Im Jahre 1707 ist sie wieder zersprungen und daraufhin hinter der Kirche St. Aegidii erneut umgegossen worden. Als Umschrift tr\u00e4gt sie u.a. den Satz aus Psalm 1,1: \u201cJauchzet dem Herrn alle Welt, dienet dem Herrn mit Freuden, kommt vor sein Angesicht mit Frohlocken.\u201d<\/p>\n<p>Die dritte, jetzt zweite Glocke, ist die sogenannte O s a n n a \u2013 Glocke. Sie ist die \u00e4lteste und ber\u00fchmteste, allerdings auch viel umstrittene Glocke des Turmes. Ihren Namen verdankt die Glocke dem Spruch aus Matth\u00e4us 21,9, welcher auf dem obersten Schriftbande steht und lautet: \u201cOsanna filio david benedictus qui venit s. in s. nomine domini LXXIII.\u201d Das hei\u00dft: \u201cHosianna dem Sohne Davids, gelobt sei der da kommt in dem Namen des Herrn 73\u201d. Das zweite Schriftband enth\u00e4lt eine Reihe von bildlichen Darstellungen, zum Teil in Medaillonform. Es sind die heiligen Evangelisten mit ihren Sinnbildern, zweimal die Verk\u00fcndigung der Maria, betende Engel, Maria unter dem Kreuz usw. zu sehen. Auf dem Glockenk\u00f6rper befinden sich zwei Kruzifixe und auf der dritten Seite ein kniender M\u00f6nch, vor welchem auf aufgerolltem Schriftbande eine r\u00e4tselhafte, vieldeutige Inschrift steht: \u201cherman macte mich\u201d. Sie deutet auf einen Glockengie\u00dfer namens Hermann hin. Es ist anzunehmen, dass die Glocke im Jahre 1373 gegossen wurde. Die Osanna-Glocke ist vermutlich die erste und \u00e4lteste Glocke in Anhalt, welche einen Bibelspruch als Inschrift aufweist. Man nannte sie auch Gerichtsglocke, weil sie bei Exekutionen gel\u00e4utet wurde. Ihr Ton ist D, der Ton der Vesperglocke ist Dis.<\/p>\n<nav>\n<ul class=\"pager\">\n<li class=\"previous\"><a href=\"https:\/\/talstadtgemeinde-bernburg.de\/?page_id=1557\">\u2190 Zur\u00fcck<\/a><\/li>\n<li class=\"next\"><a href=\"https:\/\/talstadtgemeinde-bernburg.de\/?page_id=1561\">Weiter\u00a0\u2192<\/a><\/li>\n<\/ul>\n<\/nav>\n","protected":false},"excerpt":{"rendered":"<p>Name Chor Ausstattung Kanzel\/Taufstein Orgel Apostel Glocken T\u00fcrmerstube Das &#8222;Gef\u00e4ngnis&#8220; Die Glocken Im Glockenstuhl befanden sich einmal vier Glocken. Die gro\u00dfe, auch Dominikalglocke genannt, wurde, nach einer Umschrift zu schlie\u00dfen, am 14.8.1368 gegossen, einen Tag vor dem Fest Mari\u00e4 Himmelfahrt. Zu besonderen Anl\u00e4ssen wurde sie auch allein gel\u00e4utet. Auch diente sie als Feuer- und Sturmglocke. [&hellip;]<\/p>\n","protected":false},"author":2,"featured_media":0,"parent":1546,"menu_order":0,"comment_status":"closed","ping_status":"closed","template":"page-templates\/full-width.php","meta":{"footnotes":""},"_links":{"self":[{"href":"https:\/\/talstadtgemeinde-bernburg.de\/index.php?rest_route=\/wp\/v2\/pages\/1559"}],"collection":[{"href":"https:\/\/talstadtgemeinde-bernburg.de\/index.php?rest_route=\/wp\/v2\/pages"}],"about":[{"href":"https:\/\/talstadtgemeinde-bernburg.de\/index.php?rest_route=\/wp\/v2\/types\/page"}],"author":[{"embeddable":true,"href":"https:\/\/talstadtgemeinde-bernburg.de\/index.php?rest_route=\/wp\/v2\/users\/2"}],"replies":[{"embeddable":true,"href":"https:\/\/talstadtgemeinde-bernburg.de\/index.php?rest_route=%2Fwp%2Fv2%2Fcomments&post=1559"}],"version-history":[{"count":0,"href":"https:\/\/talstadtgemeinde-bernburg.de\/index.php?rest_route=\/wp\/v2\/pages\/1559\/revisions"}],"up":[{"embeddable":true,"href":"https:\/\/talstadtgemeinde-bernburg.de\/index.php?rest_route=\/wp\/v2\/pages\/1546"}],"wp:attachment":[{"href":"https:\/\/talstadtgemeinde-bernburg.de\/index.php?rest_route=%2Fwp%2Fv2%2Fmedia&parent=1559"}],"curies":[{"name":"wp","href":"https:\/\/api.w.org\/{rel}","templated":true}]}}