{"id":1561,"date":"2016-10-22T15:03:39","date_gmt":"2016-10-22T13:03:39","guid":{"rendered":"http:\/\/talstadtgemeinde-bernburg.de\/?page_id=1561"},"modified":"2016-10-22T15:03:39","modified_gmt":"2016-10-22T13:03:39","slug":"geschichte-der-marienkirche-8","status":"publish","type":"page","link":"https:\/\/talstadtgemeinde-bernburg.de\/?page_id=1561","title":{"rendered":"Die Geschichte der Bernburger Marienkirche"},"content":{"rendered":"<div class=\"hidden-xs\" style=\"float: left; width: 180px; height: 330px;\">\n<div class=\"btn-group-vertical\">\n<div class=\"btn-group\"><button class=\"btn btn-default\" type=\"button\"><a href=\"https:\/\/talstadtgemeinde-bernburg.de\/?page_id=1546\">Name<\/a><\/button><\/div>\n<div class=\"btn-group\"><button class=\"btn btn-default\" type=\"button\"><a href=\"https:\/\/talstadtgemeinde-bernburg.de\/?page_id=1548\">Chor<\/a><\/button><\/div>\n<div class=\"btn-group\"><button class=\"btn btn-default\" type=\"button\"><a href=\"https:\/\/talstadtgemeinde-bernburg.de\/?page_id=1550\">Ausstattung<\/a><\/button><\/div>\n<div class=\"btn-group\"><button class=\"btn btn-default\" type=\"button\"><a href=\"https:\/\/talstadtgemeinde-bernburg.de\/?page_id=1552\">Kanzel\/Taufstein<\/a><\/button><\/div>\n<div class=\"btn-group\"><button class=\"btn btn-default\" type=\"button\"><a href=\"https:\/\/talstadtgemeinde-bernburg.de\/?page_id=1554\">Orgel<\/a><\/button><\/div>\n<div class=\"btn-group\"><button class=\"btn btn-default\" type=\"button\"><a href=\"https:\/\/talstadtgemeinde-bernburg.de\/?page_id=1557\">Apostel<\/a><\/button><\/div>\n<div class=\"btn-group\"><button class=\"btn btn-default\" type=\"button\"><a href=\"https:\/\/talstadtgemeinde-bernburg.de\/?page_id=1559\">Glocken<\/a><\/button><\/div>\n<div class=\"btn-group\"><button class=\"btn btn-default active\" type=\"button\">T\u00fcrmerstube<\/button><\/div>\n<div class=\"btn-group\"><button class=\"btn btn-default\" type=\"button\"><a href=\"https:\/\/talstadtgemeinde-bernburg.de\/?page_id=1563\">Das &#8222;Gef\u00e4ngnis&#8220;<\/a><\/button><\/div>\n<\/div>\n<\/div>\n<p><b>Die T\u00fcrmerstube<img loading=\"lazy\" decoding=\"async\" class=\"alignright size-medium wp-image-1616\" src=\"https:\/\/talstadtgemeinde-bernburg.de\/wp-content\/uploads\/2016\/10\/IMG_2746-172x300.jpg\" alt=\"img_2746\" width=\"172\" height=\"300\" srcset=\"https:\/\/talstadtgemeinde-bernburg.de\/wp-content\/uploads\/2016\/10\/IMG_2746-172x300.jpg 172w, https:\/\/talstadtgemeinde-bernburg.de\/wp-content\/uploads\/2016\/10\/IMG_2746-587x1024.jpg 587w, https:\/\/talstadtgemeinde-bernburg.de\/wp-content\/uploads\/2016\/10\/IMG_2746.jpg 600w\" sizes=\"(max-width: 172px) 100vw, 172px\" \/><\/b><\/p>\n<p>In der ehemaligen T\u00fcrmerstube ist der Aufzug noch zu sehen. In der T\u00fcrmerwohnung wurde Louis Beate, der Begr\u00fcnder des Z\u00f6llner-M\u00e4nnerchores, geboren. Zu den Aufgaben des T\u00fcrmers geh\u00f6rte auch das Aufziehen der Uhr und das L\u00e4uten morgens um 4, mittags um 11 und abends um 20 Uhr. Im Jahre 1877 wurde der Posten des T\u00fcrmers aufgegeben, weil man wegen des Schornsteins, der in den Turm f\u00fchrte, eine Brandgefahr sah.<\/p>\n<p>Der Turmw\u00e4chter wie auch die Turmuhr dienten mehr gemeinn\u00fctzigen Zwecken. Daher war die Erhaltung des Turmes oberhalb des Kirchendaches einschlie\u00dflich der Uhr Pflicht der Stadt Bernburg.<\/p>\n<p>Heute k\u00f6nnen Besucher die ca. 150 Stufen hochsteigen und einen Rundblick \u00fcber die Stadt genie\u00dfen. Es wurden auch schon Lesungen durchgef\u00fchrt, zum Beispiel w\u00e4hrend der \u201cNacht der offenen Kirchen\u201d.<\/p>\n<div id=\"attachment_1633\" style=\"width: 610px\" class=\"wp-caption aligncenter\"><img loading=\"lazy\" decoding=\"async\" aria-describedby=\"caption-attachment-1633\" class=\"size-full wp-image-1633\" src=\"https:\/\/talstadtgemeinde-bernburg.de\/wp-content\/uploads\/2016\/10\/IMG_2747-1.jpg\" alt=\"Unser Posaunenchor in der T\u00fcrmerstube\" width=\"600\" height=\"450\" srcset=\"https:\/\/talstadtgemeinde-bernburg.de\/wp-content\/uploads\/2016\/10\/IMG_2747-1.jpg 600w, https:\/\/talstadtgemeinde-bernburg.de\/wp-content\/uploads\/2016\/10\/IMG_2747-1-300x225.jpg 300w\" sizes=\"(max-width: 600px) 100vw, 600px\" \/><p id=\"caption-attachment-1633\" class=\"wp-caption-text\">Unser Posaunenchor in der T\u00fcrmerstube<\/p><\/div>\n<nav>\n<ul class=\"pager\">\n<li class=\"previous\"><a href=\"https:\/\/talstadtgemeinde-bernburg.de\/?page_id=1559\">\u2190 Zur\u00fcck<\/a><\/li>\n<li class=\"next\"><a href=\"https:\/\/talstadtgemeinde-bernburg.de\/?page_id=1563\">Weiter\u00a0\u2192<\/a><\/li>\n<\/ul>\n<\/nav>\n","protected":false},"excerpt":{"rendered":"<p>Name Chor Ausstattung Kanzel\/Taufstein Orgel Apostel Glocken T\u00fcrmerstube Das &#8222;Gef\u00e4ngnis&#8220; Die T\u00fcrmerstube In der ehemaligen T\u00fcrmerstube ist der Aufzug noch zu sehen. In der T\u00fcrmerwohnung wurde Louis Beate, der Begr\u00fcnder des Z\u00f6llner-M\u00e4nnerchores, geboren. Zu den Aufgaben des T\u00fcrmers geh\u00f6rte auch das Aufziehen der Uhr und das L\u00e4uten morgens um 4, mittags um 11 und abends [&hellip;]<\/p>\n","protected":false},"author":2,"featured_media":0,"parent":1546,"menu_order":0,"comment_status":"closed","ping_status":"closed","template":"page-templates\/full-width.php","meta":{"footnotes":""},"_links":{"self":[{"href":"https:\/\/talstadtgemeinde-bernburg.de\/index.php?rest_route=\/wp\/v2\/pages\/1561"}],"collection":[{"href":"https:\/\/talstadtgemeinde-bernburg.de\/index.php?rest_route=\/wp\/v2\/pages"}],"about":[{"href":"https:\/\/talstadtgemeinde-bernburg.de\/index.php?rest_route=\/wp\/v2\/types\/page"}],"author":[{"embeddable":true,"href":"https:\/\/talstadtgemeinde-bernburg.de\/index.php?rest_route=\/wp\/v2\/users\/2"}],"replies":[{"embeddable":true,"href":"https:\/\/talstadtgemeinde-bernburg.de\/index.php?rest_route=%2Fwp%2Fv2%2Fcomments&post=1561"}],"version-history":[{"count":0,"href":"https:\/\/talstadtgemeinde-bernburg.de\/index.php?rest_route=\/wp\/v2\/pages\/1561\/revisions"}],"up":[{"embeddable":true,"href":"https:\/\/talstadtgemeinde-bernburg.de\/index.php?rest_route=\/wp\/v2\/pages\/1546"}],"wp:attachment":[{"href":"https:\/\/talstadtgemeinde-bernburg.de\/index.php?rest_route=%2Fwp%2Fv2%2Fmedia&parent=1561"}],"curies":[{"name":"wp","href":"https:\/\/api.w.org\/{rel}","templated":true}]}}