{"id":1697,"date":"2017-01-26T17:19:11","date_gmt":"2017-01-26T15:19:11","guid":{"rendered":"http:\/\/talstadtgemeinde-bernburg.de\/?page_id=1697"},"modified":"2022-05-09T21:14:09","modified_gmt":"2022-05-09T19:14:09","slug":"test","status":"publish","type":"page","link":"https:\/\/talstadtgemeinde-bernburg.de\/?page_id=1697","title":{"rendered":"Geschichte der Kirchengeb\u00e4ude"},"content":{"rendered":"\n<div class=\"wp-block-group has-background\" style=\"background-color:#5cb5e9\"><div class=\"wp-block-group__inner-container is-layout-flow wp-block-group-is-layout-flow\">\n<p class=\"has-text-align-center has-medium-font-size\">Marienkirche<\/p>\n\n\n\n<div class=\"wp-block-image\"><figure class=\"aligncenter size-large\"><a href=\"https:\/\/talstadtgemeinde-bernburg.de\/?page_id=1546\"><img loading=\"lazy\" decoding=\"async\" width=\"380\" height=\"285\" src=\"https:\/\/talstadtgemeinde-bernburg.de\/wp-content\/uploads\/2017\/02\/MarienGeschichte.jpg\" alt=\"\" class=\"wp-image-1902\" srcset=\"https:\/\/talstadtgemeinde-bernburg.de\/wp-content\/uploads\/2017\/02\/MarienGeschichte.jpg 380w, https:\/\/talstadtgemeinde-bernburg.de\/wp-content\/uploads\/2017\/02\/MarienGeschichte-300x225.jpg 300w\" sizes=\"(max-width: 380px) 100vw, 380px\" \/><\/a><\/figure><\/div>\n\n\n\n<p class=\"has-text-align-center\">Die Marienkirche in Bernburg wurde erstmals 1228 urkundlich erw\u00e4hnt.<\/p>\n\n\n\n<p class=\"has-text-color has-background has-text-align-center has-very-light-gray-color has-very-dark-gray-background-color\">&#8211; <a href=\"https:\/\/talstadtgemeinde-bernburg.de\/?page_id=1546\">Zur Geschichte<\/a> &#8211;<\/p>\n<\/div><\/div>\n\n\n\n<div class=\"wp-block-group has-background\" style=\"background-color:#e2ae1f\"><div class=\"wp-block-group__inner-container is-layout-flow wp-block-group-is-layout-flow\">\n<p class=\"has-text-align-center has-medium-font-size\">Waldauer Kirche<\/p>\n\n\n\n<div class=\"wp-block-image\"><figure class=\"aligncenter size-large\"><a href=\"https:\/\/talstadtgemeinde-bernburg.de\/?page_id=200\"><img loading=\"lazy\" decoding=\"async\" width=\"380\" height=\"285\" src=\"https:\/\/talstadtgemeinde-bernburg.de\/wp-content\/uploads\/2017\/02\/WaldauGeschichte.jpg\" alt=\"\" class=\"wp-image-1901\" srcset=\"https:\/\/talstadtgemeinde-bernburg.de\/wp-content\/uploads\/2017\/02\/WaldauGeschichte.jpg 380w, https:\/\/talstadtgemeinde-bernburg.de\/wp-content\/uploads\/2017\/02\/WaldauGeschichte-300x225.jpg 300w\" sizes=\"(max-width: 380px) 100vw, 380px\" \/><\/a><\/figure><\/div>\n\n\n\n<p class=\"has-text-align-center\">Die Kirche wurde nach dem Heiligen Stephanus benannt und 964 erstmals erw\u00e4hnt.<\/p>\n\n\n\n<p class=\"has-text-color has-background has-text-align-center has-very-light-gray-color has-very-dark-gray-background-color\">&#8211; <a href=\"https:\/\/talstadtgemeinde-bernburg.de\/?page_id=200\">Zur Geschichte<\/a> &#8211;<\/p>\n<\/div><\/div>\n\n\n\n<div class=\"wp-block-group has-vivid-green-cyan-background-color has-background\"><div class=\"wp-block-group__inner-container is-layout-flow wp-block-group-is-layout-flow\">\n<p class=\"has-text-align-center has-medium-font-size\">Kriegerdenkmal<\/p>\n\n\n\n<div class=\"wp-block-image\"><figure class=\"aligncenter size-large is-resized\"><a href=\"https:\/\/talstadtgemeinde-bernburg.de\/?page_id=2601\"><img loading=\"lazy\" decoding=\"async\" src=\"https:\/\/talstadtgemeinde-bernburg.de\/wp-content\/uploads\/2021\/10\/Kriegerdenkmal-I.-WK-Friedhof-Ilberstedter-Str.-IMG_20210121_BR\u00fcdiger_bearb-1024x666.jpeg\" alt=\"\" class=\"wp-image-2685\" width=\"380\" height=\"245\"\/><\/a><\/figure><\/div>\n\n\n\n<p class=\"has-text-align-center\">Das Gefallenendenkmal mit den Namen von insgesamt 124 Opfern in den Jahren 1914 bis 1918.<\/p>\n\n\n\n<p class=\"has-text-color has-background has-text-align-center has-very-light-gray-color has-very-dark-gray-background-color\">&#8211; <a href=\"https:\/\/talstadtgemeinde-bernburg.de\/?page_id=2601\">Zur Geschichte<\/a> &#8211;<\/p>\n<\/div><\/div>\n\n\n\n<p class=\"has-text-color has-background has-text-align-center has-very-dark-gray-color has-cyan-bluish-gray-background-color\">SIE W\u00dcNSCHEN EINE F\u00dcHRUNG?<br>Falls sie eine F\u00fchrung durch die Kirchen w\u00fcnschen, nehmen Sie Kontakt mit uns auf. Auch F\u00fchrungen durch die begehbare R\u00f6verorgel sind nach Anmeldung m\u00f6glich.<br><br>Pfarramt der Talstadtgemeinde: 03471\/353613 oder<br>Stadtinformation Bernburg: 03471\/3469311<br><br>SPENDENKONTO EV. TALSTADTGEMEINDE<br> Salzlandsparkasse Bernburg:<br> IBAN: DE53 8005 5500 0310 032334<\/p>\n","protected":false},"excerpt":{"rendered":"<p>Marienkirche Die Marienkirche in Bernburg wurde erstmals 1228 urkundlich erw\u00e4hnt. &#8211; Zur Geschichte &#8211; Waldauer Kirche Die Kirche wurde nach dem Heiligen Stephanus benannt und 964 erstmals erw\u00e4hnt. &#8211; Zur Geschichte &#8211; Kriegerdenkmal Das Gefallenendenkmal mit den Namen von insgesamt 124 Opfern in den Jahren 1914 bis 1918. &#8211; Zur Geschichte &#8211; SIE W\u00dcNSCHEN EINE [&hellip;]<\/p>\n","protected":false},"author":2,"featured_media":0,"parent":0,"menu_order":0,"comment_status":"closed","ping_status":"closed","template":"page-templates\/full-width.php","meta":{"footnotes":""},"_links":{"self":[{"href":"https:\/\/talstadtgemeinde-bernburg.de\/index.php?rest_route=\/wp\/v2\/pages\/1697"}],"collection":[{"href":"https:\/\/talstadtgemeinde-bernburg.de\/index.php?rest_route=\/wp\/v2\/pages"}],"about":[{"href":"https:\/\/talstadtgemeinde-bernburg.de\/index.php?rest_route=\/wp\/v2\/types\/page"}],"author":[{"embeddable":true,"href":"https:\/\/talstadtgemeinde-bernburg.de\/index.php?rest_route=\/wp\/v2\/users\/2"}],"replies":[{"embeddable":true,"href":"https:\/\/talstadtgemeinde-bernburg.de\/index.php?rest_route=%2Fwp%2Fv2%2Fcomments&post=1697"}],"version-history":[{"count":11,"href":"https:\/\/talstadtgemeinde-bernburg.de\/index.php?rest_route=\/wp\/v2\/pages\/1697\/revisions"}],"predecessor-version":[{"id":2775,"href":"https:\/\/talstadtgemeinde-bernburg.de\/index.php?rest_route=\/wp\/v2\/pages\/1697\/revisions\/2775"}],"wp:attachment":[{"href":"https:\/\/talstadtgemeinde-bernburg.de\/index.php?rest_route=%2Fwp%2Fv2%2Fmedia&parent=1697"}],"curies":[{"name":"wp","href":"https:\/\/api.w.org\/{rel}","templated":true}]}}