{"id":1963,"date":"2012-11-29T07:08:31","date_gmt":"2012-11-29T05:08:31","guid":{"rendered":"http:\/\/talstadtgemeinde-bernburg.de\/?page_id=2"},"modified":"2026-01-21T09:24:23","modified_gmt":"2026-01-21T08:24:23","slug":"beispiel-seite-2","status":"publish","type":"page","link":"https:\/\/talstadtgemeinde-bernburg.de\/","title":{"rendered":""},"content":{"rendered":"\n<p class=\"has-medium-font-size\"><strong>Herzlich willkommen bei der Evangelischen Talstadtgemeinde Bernburg.<\/strong><\/p>\n\n\n\n<p>Ich freue mich, dass Sie zu unserer Webseite gefunden haben. Ein herzliches Willkommen mit den Worten der neuen Jahreslosung 2026:<\/p>\n\n\n\n<p>\u201eGott spricht: Siehe, ich mache alles neu.\u201c (Offb. 21, 5)<\/p>\n\n\n\n<p>Wir Menschen sind von Geburt an neugierig, das ist unser wesentlicher Antrieb, unsere Quelle sich in Bewegung zu setzen, die Welt an jedem Tag neu zu entdecken und zu gestalten. Andererseits bleiben wir aber auch oft \u00e4ngstlich und zur\u00fcckhaltend und sehnen uns nach den \u201eguten alten Zeiten\u201c. Zwischen diesen beiden Polen bewegen wir uns durch unser Leben.<\/p>\n\n\n\n<p>Das Bibelwort l\u00e4sst uns aus Gottes Perspektive auf unsere Menschenwelt sehen. Gott sorgt daf\u00fcr, dass es immer wieder neue Anf\u00e4nge, Aufbr\u00fcche und gute Pl\u00e4ne geben wird. Und er tr\u00e4gt zum Gelingen bei.<\/p>\n\n\n\n<p>Wann ist Ihnen zuletzt ein Neuanfang gelungen? Und was oder wer hat Ihnen dabei geholfen?<\/p>\n\n\n\n<p>Das Bibelwort stammt aus dem Buch der Offenbarung ganz am Ende der Bibel. Es richtet unseren Blick nach vorn: Einen neuen Himmel und eine neue Erde wird Gott schaffen. Leid, Schmerz und Geschrei sind dann \u00fcberwunden, hei\u00dft es hier.<\/p>\n\n\n\n<p>Die Jahreslosung l\u00e4sst mich auch an jenes Buch ganz am Anfang denken, als Gott die Welt geschaffen hat in sieben Tagen. Nach jedem Entwicklungsschritt hei\u00dft es hier: \u201eUnd Gott sah an, was er gemacht hat und siehe, es war sehr gut.\u201c (1.Mose 1)<\/p>\n\n\n\n<p>Damit sind auch wir in Mitten seiner gesamten Sch\u00f6pfung gemeint. Das k\u00f6nnte &nbsp;Grund zum Optimismus geben an jedem neuen Tag im Jahr.<\/p>\n\n\n\n<p>Am Ende wird alles gut, weil Gott es so will.<\/p>\n\n\n\n<p>Gute W\u00fcnsche f\u00fcr all Ihre Vorhaben im Jahr 2026!<\/p>\n\n\n\n<p>Johannes Lewek, Pfarrer<\/p>\n\n\n\n<figure class=\"wp-block-image size-large\"><img decoding=\"async\" src=\"https:\/\/talstadtgemeinde-bernburg.de\/wp-content\/uploads\/2026\/01\/Jahreslosung-2026.jpg\" alt=\"\"\/><\/figure>\n","protected":false},"excerpt":{"rendered":"<p>Herzlich willkommen bei der Evangelischen Talstadtgemeinde Bernburg. Ich freue mich, dass Sie zu unserer Webseite gefunden haben. Ein herzliches Willkommen mit den Worten der neuen Jahreslosung 2026: \u201eGott spricht: Siehe, ich mache alles neu.\u201c (Offb. 21, 5) Wir Menschen sind von Geburt an neugierig, das ist unser wesentlicher Antrieb, unsere Quelle sich in Bewegung zu [&hellip;]<\/p>\n","protected":false},"author":2,"featured_media":0,"parent":0,"menu_order":0,"comment_status":"closed","ping_status":"closed","template":"","meta":{"footnotes":""},"_links":{"self":[{"href":"https:\/\/talstadtgemeinde-bernburg.de\/index.php?rest_route=\/wp\/v2\/pages\/1963"}],"collection":[{"href":"https:\/\/talstadtgemeinde-bernburg.de\/index.php?rest_route=\/wp\/v2\/pages"}],"about":[{"href":"https:\/\/talstadtgemeinde-bernburg.de\/index.php?rest_route=\/wp\/v2\/types\/page"}],"author":[{"embeddable":true,"href":"https:\/\/talstadtgemeinde-bernburg.de\/index.php?rest_route=\/wp\/v2\/users\/2"}],"replies":[{"embeddable":true,"href":"https:\/\/talstadtgemeinde-bernburg.de\/index.php?rest_route=%2Fwp%2Fv2%2Fcomments&post=1963"}],"version-history":[{"count":40,"href":"https:\/\/talstadtgemeinde-bernburg.de\/index.php?rest_route=\/wp\/v2\/pages\/1963\/revisions"}],"predecessor-version":[{"id":3351,"href":"https:\/\/talstadtgemeinde-bernburg.de\/index.php?rest_route=\/wp\/v2\/pages\/1963\/revisions\/3351"}],"wp:attachment":[{"href":"https:\/\/talstadtgemeinde-bernburg.de\/index.php?rest_route=%2Fwp%2Fv2%2Fmedia&parent=1963"}],"curies":[{"name":"wp","href":"https:\/\/api.w.org\/{rel}","templated":true}]}}