{"id":2143,"date":"2018-07-03T12:24:13","date_gmt":"2018-07-03T10:24:13","guid":{"rendered":"http:\/\/talstadtgemeinde-bernburg.de\/?page_id=2143"},"modified":"2019-07-29T07:52:29","modified_gmt":"2019-07-29T05:52:29","slug":"datenschutz","status":"publish","type":"page","link":"https:\/\/talstadtgemeinde-bernburg.de\/?page_id=2143","title":{"rendered":"Datenschutz"},"content":{"rendered":"<h1>Datenschutzerkl\u00e4rung<\/h1>\n<h2>Geltungsbereich<\/h2>\n<p>Diese Datenschutzerkl\u00e4rung soll die Nutzer dieser Website gem\u00e4\u00df dem Kirchengesetz informieren \u00fcber den Datenschutz der Evangelischen Kirche in Deutschland (EKD-Datenschutzgesetz \u2013 DSG-EKD) und dem Telemediengesetz \u00fcber die Art, den Umfang und den Zweck der Erhebung und Verwendung personenbezogener Daten durch die Evangelische Talstadtgemeinde Bernburg<\/p>\n<dl>\n<dt>Evangelische Talstadtgemeinde Bernburg<\/dt>\n<dd>Pfarrer Johannes Lewek<\/dd>\n<dd>Breite-Stra\u00dfe 81, 06406 Bernburg<\/dd>\n<dd>Tel. 03471 \/ 353613<\/dd>\n<dd>E-Mail: kontakt@talstadtgemeinde-bernburg.de<\/dd>\n<\/dl>\n<p>Die Evangelische Talstadtgemeinde Bernburg nimmt den Schutz Ihrer personenbezogenen Informationen sehr ernst und behandelt Ihre personenbezogenen Daten vertraulich und entsprechend der gesetzlichen Vorschriften. Bedenken Sie, dass die Daten\u00fcbertragung im Internet grunds\u00e4tzlich mit Sicherheitsl\u00fccken bedacht sein kann. Ein vollumf\u00e4nglicher Schutz vor dem Zugriff durch Fremde ist nicht realisierbar.<\/p>\n<h2>Betrieblicher Datenschutzbeauftragter<\/h2>\n<p>Der betriebliche Datenschutzbeauftragte ist<\/p>\n<dl>\n<dt>Johannes Killyen, Landeskirchenamt<\/dt>\n<dd>Datenschutzbeauftragter der Evangelischen Landeskirche Anhalts<\/dd>\n<dd>Friedrichstra\u00dfe 22\/24<\/dd>\n<dd>06844\u00a0Dessau-Ro\u00dflau<\/dd>\n<dd>Telefon: 0340\u00a025 26 101<\/dd>\n<dd>mobil: 0178 522 217 7<\/dd>\n<dd>E-Mail: Johannes.killyen@kircheanhalt.de<\/dd>\n<\/dl>\n<h2>Zugriffsdaten<\/h2>\n<p>Die Evangelische Talstadtgemeinde Bernburg erhebt Daten \u00fcber Zugriffe auf die Seite und speichert diese als \u201eServer-Logfiles\u201c ab. Folgende Daten werden so protokolliert:<\/p>\n<ul>\n<li>Besuchte Website<\/li>\n<li>Uhrzeit zum Zeitpunkt des Zugriffes<\/li>\n<li>Menge der gesendeten Daten in Byte<\/li>\n<li>Quelle\/Verweis, von welchem Sie auf die Seite gelangten<\/li>\n<li>Verwendeter Browser<\/li>\n<li>Verwendetes Betriebssystem<\/li>\n<li>Verwendete IP-Adresse, um zwei Bytes gek\u00fcrzt<\/li>\n<\/ul>\n<p>Die erhobenen Daten dienen lediglich statistischen Auswertungen und zur Verbesserung der Website und werden anonymisiert gespeichert. Die Evangelische Talstadtgemeinde beh\u00e4lt sich vor, die Server-Logfiles nachtr\u00e4glich zu \u00fcberpr\u00fcfen, sollten Anhaltspunkte auf eine rechtswidrige Nutzung hinweisen.<\/p>\n<h2>Cookies<\/h2>\n<p>Diese Website verwendet Cookies. Dabei handelt es sich um kleine Textdateien, welche auf Ihrem Endger\u00e4t gespeichert werden. Ihr Browser greift auf diese Dateien zu. Durch den Einsatz von Cookies erh\u00f6ht sich die Benutzerfreundlichkeit und Sicherheit dieser Website.<\/p>\n<p>G\u00e4ngige Browser bieten die Einstellungsoption, Cookies nicht zuzulassen. Es ist dann nicht unbedingt gew\u00e4hrleistet, dass Sie auf alle Funktionen dieser Website ohne Einschr\u00e4nkungen zugreifen k\u00f6nnen, wenn Sie entsprechende Einstellungen vornehmen.<\/p>\n<h2>Umgang mit personenbezogenen Daten<\/h2>\n<p>Die von der Website gespeicherten Daten geh\u00f6ren nicht zu den personenbezogenen Daten und sind zudem anonymisiert. Sie werden ausschlie\u00dflich zu statistischen Zwecken ausgewertet. Eine Weitergabe an Dritte, zu kommerziellen oder nichtkommerziellen Zwecken, findet nicht statt.<\/p>\n","protected":false},"excerpt":{"rendered":"<p>Datenschutzerkl\u00e4rung Geltungsbereich Diese Datenschutzerkl\u00e4rung soll die Nutzer dieser Website gem\u00e4\u00df dem Kirchengesetz informieren \u00fcber den Datenschutz der Evangelischen Kirche in Deutschland (EKD-Datenschutzgesetz \u2013 DSG-EKD) und dem Telemediengesetz \u00fcber die Art, den Umfang und den Zweck der Erhebung und Verwendung personenbezogener Daten durch die Evangelische Talstadtgemeinde Bernburg Evangelische Talstadtgemeinde Bernburg Pfarrer Johannes Lewek Breite-Stra\u00dfe 81, 06406 [&hellip;]<\/p>\n","protected":false},"author":2,"featured_media":0,"parent":0,"menu_order":0,"comment_status":"closed","ping_status":"closed","template":"","meta":{"footnotes":""},"_links":{"self":[{"href":"https:\/\/talstadtgemeinde-bernburg.de\/index.php?rest_route=\/wp\/v2\/pages\/2143"}],"collection":[{"href":"https:\/\/talstadtgemeinde-bernburg.de\/index.php?rest_route=\/wp\/v2\/pages"}],"about":[{"href":"https:\/\/talstadtgemeinde-bernburg.de\/index.php?rest_route=\/wp\/v2\/types\/page"}],"author":[{"embeddable":true,"href":"https:\/\/talstadtgemeinde-bernburg.de\/index.php?rest_route=\/wp\/v2\/users\/2"}],"replies":[{"embeddable":true,"href":"https:\/\/talstadtgemeinde-bernburg.de\/index.php?rest_route=%2Fwp%2Fv2%2Fcomments&post=2143"}],"version-history":[{"count":6,"href":"https:\/\/talstadtgemeinde-bernburg.de\/index.php?rest_route=\/wp\/v2\/pages\/2143\/revisions"}],"predecessor-version":[{"id":2245,"href":"https:\/\/talstadtgemeinde-bernburg.de\/index.php?rest_route=\/wp\/v2\/pages\/2143\/revisions\/2245"}],"wp:attachment":[{"href":"https:\/\/talstadtgemeinde-bernburg.de\/index.php?rest_route=%2Fwp%2Fv2%2Fmedia&parent=2143"}],"curies":[{"name":"wp","href":"https:\/\/api.w.org\/{rel}","templated":true}]}}