{"id":48,"date":"2012-11-30T22:29:13","date_gmt":"2012-11-30T20:29:13","guid":{"rendered":"http:\/\/talstadtgemeinde-bernburg.de\/?page_id=48"},"modified":"2026-04-08T14:03:42","modified_gmt":"2026-04-08T12:03:42","slug":"veranstaltungen","status":"publish","type":"page","link":"https:\/\/talstadtgemeinde-bernburg.de\/?page_id=48","title":{"rendered":"Veranstaltungen"},"content":{"rendered":"\n<p>Alle Termine gelten als vorl\u00e4ufig und somit ohne Gew\u00e4hr.<\/p>\n\n\n\n<p><strong>Friedensgebete in der Marienkirche<\/strong><\/p>\n\n\n\n<p class=\"has-text-align-center has-pale-cyan-blue-background-color has-background\"><strong>Friedensgebete in der Marienkirche<\/strong> <br>&#8230; gehen weiter &#8211; immer am ersten Mittwoch im Monat um 18.00 Uhr in der Marienkirche.<\/p>\n\n\n\n<div class=\"wp-block-group has-very-light-gray-background-color has-background\"><div class=\"wp-block-group__inner-container is-layout-flow wp-block-group-is-layout-flow\">\n<p class=\"has-very-light-gray-color has-midnight-gradient-background has-text-color has-background has-medium-font-size\">April 2026<\/p>\n\n\n\n<p style=\"font-size:28px\">Neue Ausstellung in der Marienkirche<\/p>\n\n\n\n<p>Vom 12.4. bis 12.7.2026 werden Bilder des Bernburger K\u00fcnstlers Udo Isensee in der Marienkirche gezeigt. Die Ausstellung tr\u00e4gt den Titel \u201eBernburg schwarz-wei\u00df\u201c. Er\u00f6ffnung am Sonntag, 12.4., 14.00 Uhr mit dem K\u00fcnstler<\/p>\n\n\n\n<figure class=\"wp-block-image size-large is-resized\"><img decoding=\"async\" src=\"https:\/\/talstadtgemeinde-bernburg.de\/wp-content\/uploads\/2026\/04\/Isensee.jpg\" alt=\"\" style=\"width:331px;height:auto\"\/><\/figure>\n\n\n\n<p><\/p>\n\n\n\n<p style=\"font-size:28px\">Kurze Orgelzeit am 26.04. um 17.00 Uhr<\/p>\n\n\n\n<p>Meine Seele erhebt den Herrn<br>Unter diesem Motto findet am Sonntag, dem 26. April um 17.00 Uhr eine Kurze Orgelzeit in der Marienkirche statt. Matthias Pfund spielt an den Orgeln der Marienkirche Bernburg Werke von Johann Sebastian Bach, Wolf Gander, Zolt\u00e1n Kod\u00e1ly, Max Reger und Samuel Scheidt.<br>Das Programm ist das einer CD, die in der Marienkirche aufgenommen wurde und in diesem Jahr erscheinen wird. Eintritt frei, Spenden am Ausgang erbeten.<\/p>\n\n\n\n<p class=\"has-text-align-center has-very-light-gray-color has-text-color\" style=\"font-size:1px\">_____<\/p>\n\n\n\n<p class=\"has-very-light-gray-color has-midnight-gradient-background has-text-color has-background has-medium-font-size\">Mai 2026<\/p>\n\n\n\n<p style=\"font-size:28px\">Kurze Orgelzeit am 31.05. um 17.00 Uhr<\/p>\n\n\n\n<p>Seitdem in der Marienkirche die R\u00f6ver-Orgel wieder in Betrieb ist (und sie somit \u00fcber zwei Orgeln verf\u00fcgt!), finden dort zahlreiche Orgelkonzerte statt. Ein fester Bestandteil des Konzertlebens ist die Reihe Kurze Orgelzeit. Sie findet jeweils am letzten Sonntag des Monats statt und erfreut sich sowohl<br>bei Bernburgern als auch ausw\u00e4rtigen Konzertbesuchern gro\u00dfer Beliebtheit.<br>Am 31.05. spielt um 17:00 Uhr Kantor Benjamin Leins. Auf dem Programm stehen Passacaglia und Fuge in c-Moll von Johann Sebastian Bach sowie der Choral in h-Moll von C\u00e9sar Franck. Der Eintritt ist kostenlos, um eine Spende zur Unterst\u00fctzung der <a href=\"https:\/\/kirchenmusik-in-bernburg.de\/\">Kirchenmusik in der Region Bernburg<\/a> wird gebeten.<\/p>\n\n\n\n<p><\/p>\n\n\n\n<p><\/p>\n\n\n\n<p class=\"has-very-light-gray-color has-very-dark-gray-background-color has-text-color has-background has-medium-font-size\">Vorschau <\/p>\n\n\n\n<p><\/p>\n\n\n\n<p class=\"has-very-dark-gray-color has-light-green-cyan-background-color has-text-color has-background\"><strong>Weiteres \u00fcber unsere&nbsp;Veranstaltungen entnehmen Sie bitte unserem Gemeindebrief &#8222;Die neue Br\u00fccke&#8220;: <a href=\"https:\/\/talstadtgemeinde-bernburg.de\/?page_id=107\">hier geht es zur Br\u00fccke<\/a><\/strong><\/p>\n<\/div><\/div>\n","protected":false},"excerpt":{"rendered":"<p>Alle Termine gelten als vorl\u00e4ufig und somit ohne Gew\u00e4hr. Friedensgebete in der Marienkirche Friedensgebete in der Marienkirche &#8230; gehen weiter &#8211; immer am ersten Mittwoch im Monat um 18.00 Uhr in der Marienkirche. April 2026 Neue Ausstellung in der Marienkirche Vom 12.4. bis 12.7.2026 werden Bilder des Bernburger K\u00fcnstlers Udo Isensee in der Marienkirche gezeigt. [&hellip;]<\/p>\n","protected":false},"author":2,"featured_media":0,"parent":0,"menu_order":0,"comment_status":"closed","ping_status":"closed","template":"","meta":{"footnotes":""},"_links":{"self":[{"href":"https:\/\/talstadtgemeinde-bernburg.de\/index.php?rest_route=\/wp\/v2\/pages\/48"}],"collection":[{"href":"https:\/\/talstadtgemeinde-bernburg.de\/index.php?rest_route=\/wp\/v2\/pages"}],"about":[{"href":"https:\/\/talstadtgemeinde-bernburg.de\/index.php?rest_route=\/wp\/v2\/types\/page"}],"author":[{"embeddable":true,"href":"https:\/\/talstadtgemeinde-bernburg.de\/index.php?rest_route=\/wp\/v2\/users\/2"}],"replies":[{"embeddable":true,"href":"https:\/\/talstadtgemeinde-bernburg.de\/index.php?rest_route=%2Fwp%2Fv2%2Fcomments&post=48"}],"version-history":[{"count":179,"href":"https:\/\/talstadtgemeinde-bernburg.de\/index.php?rest_route=\/wp\/v2\/pages\/48\/revisions"}],"predecessor-version":[{"id":3433,"href":"https:\/\/talstadtgemeinde-bernburg.de\/index.php?rest_route=\/wp\/v2\/pages\/48\/revisions\/3433"}],"wp:attachment":[{"href":"https:\/\/talstadtgemeinde-bernburg.de\/index.php?rest_route=%2Fwp%2Fv2%2Fmedia&parent=48"}],"curies":[{"name":"wp","href":"https:\/\/api.w.org\/{rel}","templated":true}]}}