{"id":611,"date":"2014-05-21T17:52:36","date_gmt":"2014-05-21T15:52:36","guid":{"rendered":"http:\/\/talstadtgemeinde-bernburg.de\/?page_id=611"},"modified":"2014-05-21T17:52:36","modified_gmt":"2014-05-21T15:52:36","slug":"bilder-2014","status":"publish","type":"page","link":"https:\/\/talstadtgemeinde-bernburg.de\/?page_id=611","title":{"rendered":"Bilder 2014"},"content":{"rendered":"<p>&nbsp;<\/p>\n<p><img loading=\"lazy\" decoding=\"async\" class=\"alignleft size-large wp-image-652\" src=\"https:\/\/talstadtgemeinde-bernburg.de\/wp-content\/uploads\/2014\/11\/IMG_2478-1024x768.jpg\" alt=\"IMG_2478\" width=\"625\" height=\"468\" srcset=\"https:\/\/talstadtgemeinde-bernburg.de\/wp-content\/uploads\/2014\/11\/IMG_2478-1024x768.jpg 1024w, https:\/\/talstadtgemeinde-bernburg.de\/wp-content\/uploads\/2014\/11\/IMG_2478-300x225.jpg 300w, https:\/\/talstadtgemeinde-bernburg.de\/wp-content\/uploads\/2014\/11\/IMG_2478-768x576.jpg 768w, https:\/\/talstadtgemeinde-bernburg.de\/wp-content\/uploads\/2014\/11\/IMG_2478-624x468.jpg 624w\" sizes=\"(max-width: 625px) 100vw, 625px\" \/>Im Oktober war der Chorkreis Askanien bei uns zu Gast in der Marienkirche. Nach der Begr\u00fc\u00dfung durch Frau Dr. Brigitte Wegener und Pfarrer Steffen Gr\u00f6hl, pr\u00e4sentierten verschiedene Ch\u00f6re aus der Region einen bunten Blumenstrau\u00df an alten und neuen Liedern. Zwischen den einzelnen Choreinlagen erfreute Peter Blail mit seinem Orgelspiel die G\u00e4ste in der voll besetzten Marienkirche.<\/p>\n<h2><span style=\"text-decoration: underline;\">\u00a0Hubertusmesse: 9. November 2014<\/span><\/h2>\n<p><a href=\"https:\/\/talstadtgemeinde-bernburg.de\/wp-content\/uploads\/2014\/11\/Hubertusmesse-2014-JH20141108-001.jpg\"><img loading=\"lazy\" decoding=\"async\" class=\"alignleft size-large wp-image-659\" src=\"https:\/\/talstadtgemeinde-bernburg.de\/wp-content\/uploads\/2014\/11\/Hubertusmesse-2014-JH20141108-001-1024x724.jpg\" alt=\"Hubertusmesse 2014, JH20141108, 001\" width=\"625\" height=\"441\" srcset=\"https:\/\/talstadtgemeinde-bernburg.de\/wp-content\/uploads\/2014\/11\/Hubertusmesse-2014-JH20141108-001-1024x724.jpg 1024w, https:\/\/talstadtgemeinde-bernburg.de\/wp-content\/uploads\/2014\/11\/Hubertusmesse-2014-JH20141108-001-300x212.jpg 300w, https:\/\/talstadtgemeinde-bernburg.de\/wp-content\/uploads\/2014\/11\/Hubertusmesse-2014-JH20141108-001-768x543.jpg 768w, https:\/\/talstadtgemeinde-bernburg.de\/wp-content\/uploads\/2014\/11\/Hubertusmesse-2014-JH20141108-001-624x441.jpg 624w\" sizes=\"(max-width: 625px) 100vw, 625px\" \/><\/a><\/p>\n<p>&nbsp;<\/p>\n<p><a href=\"https:\/\/talstadtgemeinde-bernburg.de\/wp-content\/uploads\/2014\/11\/Hubertusmesse-2014-JH20141108-003.jpg\"><img loading=\"lazy\" decoding=\"async\" class=\"alignleft size-large wp-image-660\" src=\"https:\/\/talstadtgemeinde-bernburg.de\/wp-content\/uploads\/2014\/11\/Hubertusmesse-2014-JH20141108-003-682x1024.jpg\" alt=\"Hubertusmesse 2014, JH20141108, 003\" width=\"625\" height=\"938\" \/><\/a><\/p>\n<p><a href=\"https:\/\/talstadtgemeinde-bernburg.de\/wp-content\/uploads\/2014\/11\/Hubertusmesse-2014-JH20141108-004.jpg\"><img loading=\"lazy\" decoding=\"async\" class=\"alignleft size-large wp-image-661\" src=\"https:\/\/talstadtgemeinde-bernburg.de\/wp-content\/uploads\/2014\/11\/Hubertusmesse-2014-JH20141108-004-624x1024.jpg\" alt=\"Hubertusmesse 2014, JH20141108, 004\" width=\"624\" height=\"1024\" \/><\/a><\/p>\n<p><a href=\"https:\/\/talstadtgemeinde-bernburg.de\/wp-content\/uploads\/2014\/11\/Hubertusmesse-2014-JH20141108-025.jpg\"><img loading=\"lazy\" decoding=\"async\" class=\"alignleft size-large wp-image-664\" src=\"https:\/\/talstadtgemeinde-bernburg.de\/wp-content\/uploads\/2014\/11\/Hubertusmesse-2014-JH20141108-025-1024x682.jpg\" alt=\"Hubertusmesse 2014, JH20141108, 025\" width=\"625\" height=\"416\" \/><\/a><\/p>\n<p><a href=\"https:\/\/talstadtgemeinde-bernburg.de\/wp-content\/uploads\/2014\/11\/Hubertusmesse-2014-JH20141108-028.jpg\"><img loading=\"lazy\" decoding=\"async\" class=\"alignleft size-large wp-image-665\" src=\"https:\/\/talstadtgemeinde-bernburg.de\/wp-content\/uploads\/2014\/11\/Hubertusmesse-2014-JH20141108-028-1024x733.jpg\" alt=\"Hubertusmesse 2014, JH20141108, 028\" width=\"625\" height=\"447\" srcset=\"https:\/\/talstadtgemeinde-bernburg.de\/wp-content\/uploads\/2014\/11\/Hubertusmesse-2014-JH20141108-028-1024x733.jpg 1024w, https:\/\/talstadtgemeinde-bernburg.de\/wp-content\/uploads\/2014\/11\/Hubertusmesse-2014-JH20141108-028-300x215.jpg 300w, https:\/\/talstadtgemeinde-bernburg.de\/wp-content\/uploads\/2014\/11\/Hubertusmesse-2014-JH20141108-028-768x550.jpg 768w, https:\/\/talstadtgemeinde-bernburg.de\/wp-content\/uploads\/2014\/11\/Hubertusmesse-2014-JH20141108-028-624x447.jpg 624w\" sizes=\"(max-width: 625px) 100vw, 625px\" \/><\/a><\/p>\n<p><a href=\"https:\/\/talstadtgemeinde-bernburg.de\/wp-content\/uploads\/2014\/11\/Hubertusmesse-2014-JH20141108-035.jpg\"><img loading=\"lazy\" decoding=\"async\" class=\"alignleft size-large wp-image-666\" src=\"https:\/\/talstadtgemeinde-bernburg.de\/wp-content\/uploads\/2014\/11\/Hubertusmesse-2014-JH20141108-035-682x1024.jpg\" alt=\"Hubertusmesse 2014, JH20141108, 035\" width=\"625\" height=\"938\" \/><\/a><\/p>\n<p><a href=\"https:\/\/talstadtgemeinde-bernburg.de\/wp-content\/uploads\/2014\/11\/Hubertusmesse-2014-JH20141108-090.jpg\"><img loading=\"lazy\" decoding=\"async\" class=\"alignleft size-large wp-image-669\" src=\"https:\/\/talstadtgemeinde-bernburg.de\/wp-content\/uploads\/2014\/11\/Hubertusmesse-2014-JH20141108-090-682x1024.jpg\" alt=\"Hubertusmesse 2014, JH20141108, 090\" width=\"625\" height=\"938\" \/><\/a><\/p>\n<p><a href=\"https:\/\/talstadtgemeinde-bernburg.de\/wp-content\/uploads\/2014\/11\/Hubertusmesse-2014-JH20141108-073.jpg\"><img loading=\"lazy\" decoding=\"async\" class=\"alignleft size-large wp-image-670\" src=\"https:\/\/talstadtgemeinde-bernburg.de\/wp-content\/uploads\/2014\/11\/Hubertusmesse-2014-JH20141108-073-1024x682.jpg\" alt=\"Hubertusmesse 2014, JH20141108, 073\" width=\"625\" height=\"416\" \/><\/a><\/p>\n<p>&nbsp;<\/p>\n<p><a href=\"https:\/\/talstadtgemeinde-bernburg.de\/wp-content\/uploads\/2014\/11\/Hubertusmesse-2014-JH20141108-051.jpg\"><img loading=\"lazy\" decoding=\"async\" class=\"alignleft size-large wp-image-671\" src=\"https:\/\/talstadtgemeinde-bernburg.de\/wp-content\/uploads\/2014\/11\/Hubertusmesse-2014-JH20141108-051-1024x682.jpg\" alt=\"Hubertusmesse 2014, JH20141108, 051\" width=\"625\" height=\"416\" \/><\/a><a href=\"https:\/\/talstadtgemeinde-bernburg.de\/wp-content\/uploads\/2014\/11\/Hubertusmesse-2014-JH20141108-084.jpg\"><img loading=\"lazy\" decoding=\"async\" class=\"alignleft size-large wp-image-673\" src=\"https:\/\/talstadtgemeinde-bernburg.de\/wp-content\/uploads\/2014\/11\/Hubertusmesse-2014-JH20141108-084-1024x682.jpg\" alt=\"Hubertusmesse 2014, JH20141108, 084\" width=\"625\" height=\"416\" \/><\/a><\/p>\n<p><a href=\"https:\/\/talstadtgemeinde-bernburg.de\/wp-content\/uploads\/2014\/11\/Hubertusmesse-2014-JH20141108-073.jpg\"><img loading=\"lazy\" decoding=\"async\" class=\"alignleft size-large wp-image-670\" src=\"https:\/\/talstadtgemeinde-bernburg.de\/wp-content\/uploads\/2014\/11\/Hubertusmesse-2014-JH20141108-073-1024x682.jpg\" alt=\"Hubertusmesse 2014, JH20141108, 073\" width=\"625\" height=\"416\" \/><\/a><\/p>\n<p>Am 08. November 2014 fand die diesj\u00e4hrige Hubertusmesse statt. F\u00fcr die musikalische Unterst\u00fctzung sorgte der Bernburger Silcherchor sowie die Jagdhornbl\u00e4ser aus Heiligenthal. Begr\u00fc\u00dft wurden die G\u00e4ste in der voll besetzten Marienkirche durch den Vorsitzenden der J\u00e4gerschaft Bernburg Michael Warthemann und Pfarrer Johannes Lewek. In der Predigt unterstrich Pfarrer Steffen Gr\u00f6hl die Notwendigkeit der Bewahrung der g\u00f6ttlichen Sch\u00f6pfung. J\u00e4gerinnen und J\u00e4ger leisten hier einen wichtigen Beitrag, indem sie f\u00fcr das notwendige Gleichgewicht in der Natur sorgen, die mehr und mehr durch menschliches Eingreifen aus den Fugen zu geraten droht.<\/p>\n","protected":false},"excerpt":{"rendered":"<p>&nbsp; Im Oktober war der Chorkreis Askanien bei uns zu Gast in der Marienkirche. Nach der Begr\u00fc\u00dfung durch Frau Dr. Brigitte Wegener und Pfarrer Steffen Gr\u00f6hl, pr\u00e4sentierten verschiedene Ch\u00f6re aus der Region einen bunten Blumenstrau\u00df an alten und neuen Liedern. Zwischen den einzelnen Choreinlagen erfreute Peter Blail mit seinem Orgelspiel die G\u00e4ste in der voll [&hellip;]<\/p>\n","protected":false},"author":1,"featured_media":0,"parent":0,"menu_order":0,"comment_status":"closed","ping_status":"closed","template":"","meta":{"footnotes":""},"_links":{"self":[{"href":"https:\/\/talstadtgemeinde-bernburg.de\/index.php?rest_route=\/wp\/v2\/pages\/611"}],"collection":[{"href":"https:\/\/talstadtgemeinde-bernburg.de\/index.php?rest_route=\/wp\/v2\/pages"}],"about":[{"href":"https:\/\/talstadtgemeinde-bernburg.de\/index.php?rest_route=\/wp\/v2\/types\/page"}],"author":[{"embeddable":true,"href":"https:\/\/talstadtgemeinde-bernburg.de\/index.php?rest_route=\/wp\/v2\/users\/1"}],"replies":[{"embeddable":true,"href":"https:\/\/talstadtgemeinde-bernburg.de\/index.php?rest_route=%2Fwp%2Fv2%2Fcomments&post=611"}],"version-history":[{"count":0,"href":"https:\/\/talstadtgemeinde-bernburg.de\/index.php?rest_route=\/wp\/v2\/pages\/611\/revisions"}],"wp:attachment":[{"href":"https:\/\/talstadtgemeinde-bernburg.de\/index.php?rest_route=%2Fwp%2Fv2%2Fmedia&parent=611"}],"curies":[{"name":"wp","href":"https:\/\/api.w.org\/{rel}","templated":true}]}}