{"id":735,"date":"2015-01-25T19:22:48","date_gmt":"2015-01-25T17:22:48","guid":{"rendered":"http:\/\/talstadtgemeinde-bernburg.de\/?page_id=735"},"modified":"2026-03-31T16:50:36","modified_gmt":"2026-03-31T14:50:36","slug":"gruppen-und-kreise","status":"publish","type":"page","link":"https:\/\/talstadtgemeinde-bernburg.de\/?page_id=735","title":{"rendered":"Gruppen\/Kreise"},"content":{"rendered":"\n<p class=\"has-text-align-center has-medium-font-size\"><em>Unsere Gemeindekreise treffen sich regelm\u00e4\u00dfig in unserem Pfarrhaus (Breite Stra\u00dfe 81, 06406 Bernburg).<\/em><\/p>\n\n\n\n<div class=\"wp-block-group has-very-light-gray-background-color has-background\"><div class=\"wp-block-group__inner-container is-layout-flow wp-block-group-is-layout-flow\">\n<p class=\"has-very-light-gray-color has-very-dark-gray-background-color has-text-color has-background has-medium-font-size\"><b>W\u00f6chentliche Gemeindekreise<\/b><\/p>\n\n\n\n<p class=\"has-text-align-center\"><strong>Christenlehre<\/strong><\/p>\n\n\n\n<ul>\n<li>nach Absprache: Bitte im Pfarramt nachfragen<\/li>\n<\/ul>\n\n\n\n<hr class=\"wp-block-separator has-css-opacity\"\/>\n\n\n\n<p class=\"has-text-align-center\"><strong>Posaunenchor<\/strong><\/p>\n\n\n\n<p class=\"has-text-align-center\"><\/p>\n\n\n\n<ul>\n<li>Montags: 18.30 Uhr &#8211; Posaunenchorprobe (Martinskirche, Martinstra\u00dfe, Bernburg)<\/li>\n\n\n\n<li>Hier geht es zur Homepage des Posaunenchors: <a href=\"http:\/\/www.marien-blaeser.de\">www.marien-blaeser.de<\/a><\/li>\n<\/ul>\n\n\n\n<p class=\"has-text-align-center has-very-light-gray-color has-text-color\" style=\"font-size:1px\">_____<\/p>\n\n\n\n<p class=\"has-very-light-gray-color has-very-dark-gray-background-color has-text-color has-background has-medium-font-size\"><b>Monatliche Gemeindekreise<\/b><\/p>\n\n\n\n<p class=\"has-text-align-center\"><strong>KirchenKaffeeKr\u00e4nzchen<\/strong><\/p>\n\n\n\n<p class=\"has-text-align-center\"><em>Unsere Gemeinde l\u00e4dt an jedem 2. Mittwoch&nbsp;<br>im Monat um 15.00 Uhr zum &#8222;Kirchen-Kaffee-Kr\u00e4nzchen&#8220; ins Pfarr- und Gemeindehaus, Bernburg, Breite Stra\u00dfe 81.<br>Hier sind insbesondere \u00e4ltere Menschen eingeladen, die Lust und Zeit f\u00fcr eine Tasse Kaffee sowie interessante Themen und offene Gespr\u00e4che haben.<\/em><\/p>\n\n\n\n<p class=\"has-small-font-size\"><strong><span style=\"text-decoration: underline;\">Die n\u00e4chsten Treffen finden statt:<\/span><\/strong><\/p>\n\n\n\n<ul>\n<li>08.04., 15.00 Uhr<\/li>\n\n\n\n<li>13.05., 15.00 Uhr<\/li>\n<\/ul>\n\n\n\n<hr class=\"wp-block-separator has-css-opacity\"\/>\n\n\n\n<p class=\"has-text-align-center\"><strong>Gespr\u00e4chskreis<\/strong><\/p>\n\n\n\n<p class=\"has-text-align-center\" style=\"font-size:15px\"><em>Die Gespr\u00e4chskreise der Talstadt und der Schlo\u00dfkirche haben sich vereinigt und treffen sich an jedem letzten Mittwoch im Monat abwechselnd im Krummacher \u2013 Haus, Schlo\u00dftr. 7 oder im Pfarr- und Gemeindehaus der Talstadt in der Breiten Stra\u00dfe.<\/em><\/p>\n\n\n\n<p class=\"has-small-font-size\"><strong><span style=\"text-decoration: underline;\">Die n\u00e4chsten Treffen finden statt:<\/span><\/strong><\/p>\n\n\n\n<ul>\n<li>Mittwoch, 29.04., 19.00 Uhr im Talstadt-Pfarrhaus<\/li>\n\n\n\n<li>Mittwoch, 29.05., 19.00 Uhr im Krummacherhaus<\/li>\n<\/ul>\n\n\n\n<p class=\"has-text-align-center has-very-light-gray-color has-text-color\" style=\"font-size:1px\">_____<\/p>\n\n\n\n<p class=\"has-very-light-gray-color has-very-dark-gray-background-color has-text-color has-background has-medium-font-size\"><strong>Weitere Gruppen<\/strong><\/p>\n\n\n\n<ul>\n<li><a href=\"https:\/\/talstadtgemeinde-bernburg.de\/?page_id=768\">K<\/a><strong><a href=\"https:\/\/talstadtgemeinde-bernburg.de\/?page_id=768\">onfirmandengruppe<\/a> <\/strong>\n<ul>\n<li>Monatskurs<\/li>\n\n\n\n<li>Wochenkurs <\/li>\n<\/ul>\n<\/li>\n<\/ul>\n\n\n\n<p class=\"has-text-align-center has-very-light-gray-color has-text-color\" style=\"font-size:1px\">_____<\/p>\n<\/div><\/div>\n\n\n\n<p class=\"has-very-dark-gray-color has-light-green-cyan-background-color has-text-color has-background\"><strong>Weiteres \u00fcber unsere Gruppen und Kreise entnehmen Sie bitte unserem Gemeindebrief \u201eDie neue Br\u00fccke\u201c:&nbsp;<a href=\"https:\/\/talstadtgemeinde-bernburg.de\/?page_id=107\">hier geht es zur Br\u00fccke<\/a><\/strong><\/p>\n","protected":false},"excerpt":{"rendered":"<p>Unsere Gemeindekreise treffen sich regelm\u00e4\u00dfig in unserem Pfarrhaus (Breite Stra\u00dfe 81, 06406 Bernburg). W\u00f6chentliche Gemeindekreise Christenlehre Posaunenchor _____ Monatliche Gemeindekreise KirchenKaffeeKr\u00e4nzchen Unsere Gemeinde l\u00e4dt an jedem 2. Mittwoch&nbsp;im Monat um 15.00 Uhr zum &#8222;Kirchen-Kaffee-Kr\u00e4nzchen&#8220; ins Pfarr- und Gemeindehaus, Bernburg, Breite Stra\u00dfe 81.Hier sind insbesondere \u00e4ltere Menschen eingeladen, die Lust und Zeit f\u00fcr eine Tasse Kaffee [&hellip;]<\/p>\n","protected":false},"author":2,"featured_media":0,"parent":0,"menu_order":0,"comment_status":"closed","ping_status":"closed","template":"","meta":{"footnotes":""},"_links":{"self":[{"href":"https:\/\/talstadtgemeinde-bernburg.de\/index.php?rest_route=\/wp\/v2\/pages\/735"}],"collection":[{"href":"https:\/\/talstadtgemeinde-bernburg.de\/index.php?rest_route=\/wp\/v2\/pages"}],"about":[{"href":"https:\/\/talstadtgemeinde-bernburg.de\/index.php?rest_route=\/wp\/v2\/types\/page"}],"author":[{"embeddable":true,"href":"https:\/\/talstadtgemeinde-bernburg.de\/index.php?rest_route=\/wp\/v2\/users\/2"}],"replies":[{"embeddable":true,"href":"https:\/\/talstadtgemeinde-bernburg.de\/index.php?rest_route=%2Fwp%2Fv2%2Fcomments&post=735"}],"version-history":[{"count":41,"href":"https:\/\/talstadtgemeinde-bernburg.de\/index.php?rest_route=\/wp\/v2\/pages\/735\/revisions"}],"predecessor-version":[{"id":3420,"href":"https:\/\/talstadtgemeinde-bernburg.de\/index.php?rest_route=\/wp\/v2\/pages\/735\/revisions\/3420"}],"wp:attachment":[{"href":"https:\/\/talstadtgemeinde-bernburg.de\/index.php?rest_route=%2Fwp%2Fv2%2Fmedia&parent=735"}],"curies":[{"name":"wp","href":"https:\/\/api.w.org\/{rel}","templated":true}]}}