{"id":833,"date":"2015-04-30T14:46:52","date_gmt":"2015-04-30T12:46:52","guid":{"rendered":"http:\/\/talstadtgemeinde-bernburg.de\/?page_id=833"},"modified":"2015-04-30T14:46:52","modified_gmt":"2015-04-30T12:46:52","slug":"bilder-2015","status":"publish","type":"page","link":"https:\/\/talstadtgemeinde-bernburg.de\/?page_id=833","title":{"rendered":"Bilder 2015"},"content":{"rendered":"<p><img loading=\"lazy\" decoding=\"async\" class=\"size-thumbnail wp-image-1219\" src=\"https:\/\/talstadtgemeinde-bernburg.de\/wp-content\/uploads\/2015\/08\/Bildschirmfoto-2015-08-18-um-11.54.16-150x150.png\" alt=\"Vorstand bei der Scheck\u00fcbergabe am 18. August 2015\" width=\"150\" height=\"150\" \/><\/p>\n<p><strong>\u00d6ffentliche Scheck\u00fcbergabe an den F\u00f6rderkreis &#8222;Neue Orgel f\u00fcr Marien&#8220;\u00a0<\/strong>&#8211;\u00a0<a href=\"https:\/\/talstadtgemeinde-bernburg.de\/?page_id=1218\">zu den Bildern<br \/>\n<\/a><em>Mit Fotos zum aktuellen Stand und einem Blick hinter das Orgelprospekt.<br \/>\n18. August 2015<\/em><\/p>\n<hr \/>\n<p><img loading=\"lazy\" decoding=\"async\" class=\"alignnone size-thumbnail wp-image-1091\" src=\"https:\/\/talstadtgemeinde-bernburg.de\/wp-content\/uploads\/2015\/07\/Bildschirmfoto-2015-07-13-um-13.42.08-150x150.png\" alt=\"Bildschirmfoto 2015-07-13 um 13.42.08\" width=\"150\" height=\"150\" \/><\/p>\n<p style=\"text-align: left;\"><strong>14. Bl\u00e4serSerenade an der Marienkirche <\/strong>&#8211;\u00a0<a href=\"https:\/\/talstadtgemeinde-bernburg.de\/?page_id=1036\">zu den Bildern<br \/>\n<\/a>11. Juli 2015<\/p>\n<hr \/>\n<p><img loading=\"lazy\" decoding=\"async\" class=\"alignnone size-thumbnail wp-image-1115\" src=\"https:\/\/talstadtgemeinde-bernburg.de\/wp-content\/uploads\/2015\/07\/Bildschirmfoto-2015-07-13-um-13.40.34-150x150.png\" alt=\"Bildschirmfoto 2015-07-13 um 13.40.34\" width=\"150\" height=\"150\" \/><\/p>\n<p><strong>Gemeindefest\u00a0<\/strong>&#8211; <a href=\"https:\/\/talstadtgemeinde-bernburg.de\/?page_id=1051\">zu den Bildern<br \/>\n<\/a>21. Juni 2015<\/p>\n<hr \/>\n<p><img loading=\"lazy\" decoding=\"async\" class=\"alignnone wp-image-827 size-thumbnail\" src=\"https:\/\/talstadtgemeinde-bernburg.de\/wp-content\/uploads\/2015\/04\/IMG_1613-150x150.jpg\" alt=\"Foto: Abendmusik\" width=\"150\" height=\"150\" \/><\/p>\n<p style=\"text-align: left;\"><strong>Abendmusik in Waldau &#8211;<\/strong>\u00a0<a href=\"https:\/\/talstadtgemeinde-bernburg.de\/?page_id=1028\">zu den Bildern<br \/>\n<\/a>18. April 2015<\/p>\n","protected":false},"excerpt":{"rendered":"<p>\u00d6ffentliche Scheck\u00fcbergabe an den F\u00f6rderkreis &#8222;Neue Orgel f\u00fcr Marien&#8220;\u00a0&#8211;\u00a0zu den Bildern Mit Fotos zum aktuellen Stand und einem Blick hinter das Orgelprospekt. 18. August 2015 14. Bl\u00e4serSerenade an der Marienkirche &#8211;\u00a0zu den Bildern 11. Juli 2015 Gemeindefest\u00a0&#8211; zu den Bildern 21. Juni 2015 Abendmusik in Waldau &#8211;\u00a0zu den Bildern 18. April 2015<\/p>\n","protected":false},"author":2,"featured_media":0,"parent":0,"menu_order":0,"comment_status":"closed","ping_status":"closed","template":"","meta":{"footnotes":""},"_links":{"self":[{"href":"https:\/\/talstadtgemeinde-bernburg.de\/index.php?rest_route=\/wp\/v2\/pages\/833"}],"collection":[{"href":"https:\/\/talstadtgemeinde-bernburg.de\/index.php?rest_route=\/wp\/v2\/pages"}],"about":[{"href":"https:\/\/talstadtgemeinde-bernburg.de\/index.php?rest_route=\/wp\/v2\/types\/page"}],"author":[{"embeddable":true,"href":"https:\/\/talstadtgemeinde-bernburg.de\/index.php?rest_route=\/wp\/v2\/users\/2"}],"replies":[{"embeddable":true,"href":"https:\/\/talstadtgemeinde-bernburg.de\/index.php?rest_route=%2Fwp%2Fv2%2Fcomments&post=833"}],"version-history":[{"count":0,"href":"https:\/\/talstadtgemeinde-bernburg.de\/index.php?rest_route=\/wp\/v2\/pages\/833\/revisions"}],"wp:attachment":[{"href":"https:\/\/talstadtgemeinde-bernburg.de\/index.php?rest_route=%2Fwp%2Fv2%2Fmedia&parent=833"}],"curies":[{"name":"wp","href":"https:\/\/api.w.org\/{rel}","templated":true}]}}