{"id":941,"date":"2015-07-05T06:48:30","date_gmt":"2015-07-05T04:48:30","guid":{"rendered":"http:\/\/talstadtgemeinde-bernburg.de\/?page_id=941"},"modified":"2015-07-05T06:48:30","modified_gmt":"2015-07-05T04:48:30","slug":"orgel-5","status":"publish","type":"page","link":"https:\/\/talstadtgemeinde-bernburg.de\/?page_id=941","title":{"rendered":"F\u00f6rderkreis &#8222;Neue Orgel f\u00fcr Marien&#8220;"},"content":{"rendered":"<h6 style=\"text-align: center;\"><a href=\"https:\/\/talstadtgemeinde-bernburg.de\/?page_id=173\">Vorstand<\/a>\u00a0&#8211;\u00a0<strong><a href=\"https:\/\/talstadtgemeinde-bernburg.de\/?page_id=935\">Geschichte<\/a>\u00a0&#8211;<\/strong>\u00a0<a href=\"https:\/\/talstadtgemeinde-bernburg.de\/?page_id=937\">Idee<\/a>\u00a0&#8211;\u00a0<a href=\"https:\/\/talstadtgemeinde-bernburg.de\/?page_id=939\">Momentan<\/a>\u00a0&#8211;\u00a0Zeitplan\u00a0&#8211;\u00a0<a href=\"https:\/\/talstadtgemeinde-bernburg.de\/?page_id=943\">Nutzungskonzept<\/a>\u00a0&#8211;\u00a0<a href=\"https:\/\/talstadtgemeinde-bernburg.de\/?page_id=947\">Kostenplanung<\/a>\u00a0&#8211;\u00a0<a href=\"https:\/\/talstadtgemeinde-bernburg.de\/?page_id=949\">Ausblick<\/a><\/h6>\n<hr \/>\n<p><strong><img loading=\"lazy\" decoding=\"async\" class=\"alignright wp-image-1171\" src=\"https:\/\/talstadtgemeinde-bernburg.de\/wp-content\/uploads\/2015\/07\/LOGO-300x192.png\" alt=\"LOGO\" width=\"200\" height=\"128\" srcset=\"https:\/\/talstadtgemeinde-bernburg.de\/wp-content\/uploads\/2015\/07\/LOGO-300x192.png 300w, https:\/\/talstadtgemeinde-bernburg.de\/wp-content\/uploads\/2015\/07\/LOGO-624x399.png 624w, https:\/\/talstadtgemeinde-bernburg.de\/wp-content\/uploads\/2015\/07\/LOGO.png 649w\" sizes=\"(max-width: 200px) 100vw, 200px\" \/>ZEITPLAN<\/strong><\/p>\n<p>Der F\u00f6rderkreis plant\u00a0als ersten Bauabschnitt des Vorhabens\u00a0die\u00a0Orgelempore gr\u00fcndlich sanieren zu lassen. Hier steht eine denkmalgerechte Restaurierung wie\u00a0in der \u00fcbrigen\u00a0Marienkirche bereits passiert, noch aus. Die Br\u00fcstung, Treppen und Gel\u00e4nder m\u00fcssen u.a. sandgestrahlt und neu gestrichen werden. Diese Schmutzarbeiten m\u00fcssen also auf jeden Fall vor der Neuaufstellung der Orgel abgeschlossen sein.<\/p>\n<p>Diese Arbeiten sind f\u00fcr 2016 geplant.<\/p>\n<p>Im Anschluss, 2017 und 2018 k\u00f6nnte dann nach und nach die inzwischen in der Werkstatt des Orgelbauer restaurierten Teile der gebrauchten\u00a0R\u00f6verorgel\u00a0aus\u00a0Alsleben\u00a0in zwei weiteren Bauabschnitten\u00a0neu aufgestellt werden.<\/p>\n<hr \/>\n<h6 style=\"text-align: right;\">Weiter zum\u00a0<a href=\"https:\/\/talstadtgemeinde-bernburg.de\/?page_id=943\">&#8222;NUTZUNGSKONZEPT&#8220;<\/a><\/h6>\n<p><strong style=\"line-height: 24px;\">\u00a0<\/strong><\/p>\n","protected":false},"excerpt":{"rendered":"<p>Vorstand\u00a0&#8211;\u00a0Geschichte\u00a0&#8211;\u00a0Idee\u00a0&#8211;\u00a0Momentan\u00a0&#8211;\u00a0Zeitplan\u00a0&#8211;\u00a0Nutzungskonzept\u00a0&#8211;\u00a0Kostenplanung\u00a0&#8211;\u00a0Ausblick ZEITPLAN Der F\u00f6rderkreis plant\u00a0als ersten Bauabschnitt des Vorhabens\u00a0die\u00a0Orgelempore gr\u00fcndlich sanieren zu lassen. Hier steht eine denkmalgerechte Restaurierung wie\u00a0in der \u00fcbrigen\u00a0Marienkirche bereits passiert, noch aus. Die Br\u00fcstung, Treppen und Gel\u00e4nder m\u00fcssen u.a. sandgestrahlt und neu gestrichen werden. Diese Schmutzarbeiten m\u00fcssen also auf jeden Fall vor der Neuaufstellung der Orgel abgeschlossen sein. Diese Arbeiten sind f\u00fcr [&hellip;]<\/p>\n","protected":false},"author":2,"featured_media":0,"parent":173,"menu_order":0,"comment_status":"closed","ping_status":"closed","template":"page-templates\/full-width.php","meta":{"footnotes":""},"_links":{"self":[{"href":"https:\/\/talstadtgemeinde-bernburg.de\/index.php?rest_route=\/wp\/v2\/pages\/941"}],"collection":[{"href":"https:\/\/talstadtgemeinde-bernburg.de\/index.php?rest_route=\/wp\/v2\/pages"}],"about":[{"href":"https:\/\/talstadtgemeinde-bernburg.de\/index.php?rest_route=\/wp\/v2\/types\/page"}],"author":[{"embeddable":true,"href":"https:\/\/talstadtgemeinde-bernburg.de\/index.php?rest_route=\/wp\/v2\/users\/2"}],"replies":[{"embeddable":true,"href":"https:\/\/talstadtgemeinde-bernburg.de\/index.php?rest_route=%2Fwp%2Fv2%2Fcomments&post=941"}],"version-history":[{"count":0,"href":"https:\/\/talstadtgemeinde-bernburg.de\/index.php?rest_route=\/wp\/v2\/pages\/941\/revisions"}],"up":[{"embeddable":true,"href":"https:\/\/talstadtgemeinde-bernburg.de\/index.php?rest_route=\/wp\/v2\/pages\/173"}],"wp:attachment":[{"href":"https:\/\/talstadtgemeinde-bernburg.de\/index.php?rest_route=%2Fwp%2Fv2%2Fmedia&parent=941"}],"curies":[{"name":"wp","href":"https:\/\/api.w.org\/{rel}","templated":true}]}}