{"id":943,"date":"2015-07-05T06:49:50","date_gmt":"2015-07-05T04:49:50","guid":{"rendered":"http:\/\/talstadtgemeinde-bernburg.de\/?page_id=943"},"modified":"2015-07-05T06:49:50","modified_gmt":"2015-07-05T04:49:50","slug":"orgel-6","status":"publish","type":"page","link":"https:\/\/talstadtgemeinde-bernburg.de\/?page_id=943","title":{"rendered":"F\u00f6rderkreis &#8222;Neue Orgel f\u00fcr Marien&#8220;"},"content":{"rendered":"<h6 style=\"text-align: center;\"><a href=\"https:\/\/talstadtgemeinde-bernburg.de\/?page_id=173\">Vorstand<\/a>\u00a0&#8211;\u00a0<strong><a href=\"https:\/\/talstadtgemeinde-bernburg.de\/?page_id=935\">Geschichte<\/a>\u00a0&#8211;<\/strong>\u00a0<a href=\"https:\/\/talstadtgemeinde-bernburg.de\/?page_id=937\">Idee<\/a>\u00a0&#8211;\u00a0<a href=\"https:\/\/talstadtgemeinde-bernburg.de\/?page_id=939\">Momentan<\/a>\u00a0&#8211;\u00a0<a href=\"https:\/\/talstadtgemeinde-bernburg.de\/?page_id=941\">Zeitplan<\/a>\u00a0&#8211;\u00a0Nutzungskonzept\u00a0&#8211;\u00a0<a href=\"https:\/\/talstadtgemeinde-bernburg.de\/?page_id=947\">Kostenplanung<\/a>\u00a0&#8211;\u00a0<a href=\"https:\/\/talstadtgemeinde-bernburg.de\/?page_id=949\">Ausblick<\/a><\/h6>\n<hr \/>\n<p><strong><img loading=\"lazy\" decoding=\"async\" class=\"alignright wp-image-1171\" src=\"https:\/\/talstadtgemeinde-bernburg.de\/wp-content\/uploads\/2015\/07\/LOGO-300x192.png\" alt=\"LOGO\" width=\"200\" height=\"128\" srcset=\"https:\/\/talstadtgemeinde-bernburg.de\/wp-content\/uploads\/2015\/07\/LOGO-300x192.png 300w, https:\/\/talstadtgemeinde-bernburg.de\/wp-content\/uploads\/2015\/07\/LOGO-624x399.png 624w, https:\/\/talstadtgemeinde-bernburg.de\/wp-content\/uploads\/2015\/07\/LOGO.png 649w\" sizes=\"(max-width: 200px) 100vw, 200px\" \/>NUTZUNGSKONZEPT<\/strong><\/p>\n<p>Die Marienkirche hat sich als sowohl kirchlich als auch touristisch genutzte\u00a0Bernburger\u00a0Stadtkirche inzwischen gut etabliert.\u00a0Mit Unterst\u00fctzung durch Bund, Land und Kommune wurden \u00fcber 10 Millionen Euro seit dem beginn der Restaurierung 1990 investiert.<\/p>\n<p>Die in den meisten Monaten des Jahres ge\u00f6ffnete Stadtkirche wird von ca. 6000 \u2013 8000\u00a0Besuchern j\u00e4hrlich besucht. Dabei sind die ca. 10 \u2013 12 Konzerte, Ausstellungen\u00a0u.a.\u00a0\u00f6ffentliche Veranstaltungen genauso ma\u00dfgebend,\u00a0wie an die Gemeinde herangetragene W\u00fcnsche nach F\u00fchrungen durch unsere\u00a0\u00fcber 800 Jahre alte Kirche.\u00a0Hier gibt es eine enge Zusammenarbeit zwischen der Bernburger Stadtinformation, der Stadtverwaltung und unserer Kirchgemeinde.<\/p>\n<p>Neben den\u00a0w\u00f6chentlichen Gottesdienstbegleitungen wird die neu aufgebaute\u00a0R\u00f6verorgel\u00a0also f\u00fcr Konzerte genutzt werden.\u00a0Gr\u00f6\u00dfere Chorwerke des Barock und der Romantik k\u00f6nnten nun durch den Gemeindekantor und den Kreiskirchenmusiker und in Bernburg beheimatete Laiench\u00f6re eingeplant werden. Hier existiert bereits eine rege Zusammenarbeit\u00a0Eine eigene Reihe von regelm\u00e4\u00dfigen Orgelkonzerten\u00a0ist denkbar, hier gibt es in\u00a0 Bernburg noch kein\u00a0vergleichbares\u00a0Angebot. Schlie\u00dflich k\u00f6nnte schon bei\u00a0der Restaurierung eine\u00a0<b>G<\/b><b>estaltung als \u201egl\u00e4serne Orgel\u201c<\/b>\u00a0ber\u00fccksichtigt werden.\u00a0Hier w\u00fcrden Einblicke in das\u00a0Orgelinnere mittels Plexiglas\u00f6ffnungen den Besuchern\u00a0erm\u00f6glichen, das Prinzip der Pneumatik und damit der einzigartigen und spannenden Traktur zu verstehen.\u00a0Eine solche Orgel w\u00e4re bisher einmalig.\u00a0Bergleitende Schautafeln\u00a0\u00fcber die Funktionsweise einer Orgel w\u00e4ren aufzustellen. So ergibt sich f\u00fcr sp\u00e4ter die M\u00f6glichkeit spezielle Orgelf\u00fchrungen\u00a0anzubieten gerade auch f\u00fcr Schulklassen. Da unsere Kirche ohnehin regelm\u00e4\u00dfig f\u00fcr stadtgeschichtlich und baugeschichtlich orientierte F\u00fchrungen angefragt wird, w\u00e4re hier ein sinnvoller weiterer Angebot m\u00f6glich.<\/p>\n<p>An bestehende Kontakte zu mit unserer Gemeinde partnerschaftlich verbundene K\u00fcnstlern und Ensembles, z.B. die\u00a0Alsfelder\u00a0Kurrende w\u00e4re anzukn\u00fcpfen. Die dann vorhandene\u00a0R\u00f6verorgel\u00a0wird dazu beitragen diese Kontakte auszuweiten.\u00a0Auch auf\u00a0<b>e<\/b><b>uropaweit bekannte und renommierte Orga<\/b><b>nisten<\/b>\u00a0w\u00e4re dann zuzugehen.<\/p>\n<p>Die Zusammenarbeit mit der\u00a0<b>Bernburger Musikschule<\/b>\u00a0f\u00fcr Orgelunterrichtsangebote w\u00e4re zu pr\u00fcfen.<\/p>\n<p>Hinzuweisen w\u00e4re an dieser Stelle auch auf den urspr\u00fcnglichen Orgelbaumeister\u00a0R\u00f6ver, der von seiner in Zerbst gelegenen Werkstatt aus zwischen 1880 und 1920 eine ganze Reihe von Orgeln in der Region gebaut hat und hier kein Unbekannter ist.\u00a0So kann von einem besonderen Interesse an seiner speziellen Art des Orgelbaues ausgegangen werden, welches f\u00fcr eine m\u00f6glichst umfassende Nutzung der Orgel in ihrer denkmalgerechten Restaurierung n\u00fctzlich sein wird.<\/p>\n<p>Insgesamt wird die Profilierung klarer und die Bekanntheit unserer Kirche durch das Vorhaben breiter werden. Das auch internationale Interesse von K\u00fcnstlern und Ensembles hier aufzutreten wird zunehmen. Die im Jahr 1990 begonnene Restaurierungsphase\u00a0der Bernburger Marienkirche\u00a0w\u00fcrde vollendet.<\/p>\n<hr \/>\n<h6 style=\"text-align: right;\">Weiter zur <a href=\"https:\/\/talstadtgemeinde-bernburg.de\/?page_id=947\">&#8222;KOSTENPLANUNG&#8220;<\/a><\/h6>\n<p><strong style=\"line-height: 24px;\">\u00a0<\/strong><\/p>\n","protected":false},"excerpt":{"rendered":"<p>Vorstand\u00a0&#8211;\u00a0Geschichte\u00a0&#8211;\u00a0Idee\u00a0&#8211;\u00a0Momentan\u00a0&#8211;\u00a0Zeitplan\u00a0&#8211;\u00a0Nutzungskonzept\u00a0&#8211;\u00a0Kostenplanung\u00a0&#8211;\u00a0Ausblick NUTZUNGSKONZEPT Die Marienkirche hat sich als sowohl kirchlich als auch touristisch genutzte\u00a0Bernburger\u00a0Stadtkirche inzwischen gut etabliert.\u00a0Mit Unterst\u00fctzung durch Bund, Land und Kommune wurden \u00fcber 10 Millionen Euro seit dem beginn der Restaurierung 1990 investiert. Die in den meisten Monaten des Jahres ge\u00f6ffnete Stadtkirche wird von ca. 6000 \u2013 8000\u00a0Besuchern j\u00e4hrlich besucht. Dabei sind die ca. [&hellip;]<\/p>\n","protected":false},"author":2,"featured_media":0,"parent":173,"menu_order":0,"comment_status":"closed","ping_status":"closed","template":"page-templates\/full-width.php","meta":{"footnotes":""},"_links":{"self":[{"href":"https:\/\/talstadtgemeinde-bernburg.de\/index.php?rest_route=\/wp\/v2\/pages\/943"}],"collection":[{"href":"https:\/\/talstadtgemeinde-bernburg.de\/index.php?rest_route=\/wp\/v2\/pages"}],"about":[{"href":"https:\/\/talstadtgemeinde-bernburg.de\/index.php?rest_route=\/wp\/v2\/types\/page"}],"author":[{"embeddable":true,"href":"https:\/\/talstadtgemeinde-bernburg.de\/index.php?rest_route=\/wp\/v2\/users\/2"}],"replies":[{"embeddable":true,"href":"https:\/\/talstadtgemeinde-bernburg.de\/index.php?rest_route=%2Fwp%2Fv2%2Fcomments&post=943"}],"version-history":[{"count":0,"href":"https:\/\/talstadtgemeinde-bernburg.de\/index.php?rest_route=\/wp\/v2\/pages\/943\/revisions"}],"up":[{"embeddable":true,"href":"https:\/\/talstadtgemeinde-bernburg.de\/index.php?rest_route=\/wp\/v2\/pages\/173"}],"wp:attachment":[{"href":"https:\/\/talstadtgemeinde-bernburg.de\/index.php?rest_route=%2Fwp%2Fv2%2Fmedia&parent=943"}],"curies":[{"name":"wp","href":"https:\/\/api.w.org\/{rel}","templated":true}]}}