{"id":949,"date":"2015-07-05T06:54:54","date_gmt":"2015-07-05T04:54:54","guid":{"rendered":"http:\/\/talstadtgemeinde-bernburg.de\/?page_id=949"},"modified":"2015-07-05T06:54:54","modified_gmt":"2015-07-05T04:54:54","slug":"orgel-8","status":"publish","type":"page","link":"https:\/\/talstadtgemeinde-bernburg.de\/?page_id=949","title":{"rendered":"F\u00f6rderkreis &#8222;Neue Orgel f\u00fcr Marien&#8220;"},"content":{"rendered":"<h6 style=\"text-align: center;\"><a href=\"https:\/\/talstadtgemeinde-bernburg.de\/?page_id=173\">Vorstand<\/a>\u00a0&#8211;\u00a0<strong><a href=\"https:\/\/talstadtgemeinde-bernburg.de\/?page_id=935\">Geschichte<\/a>\u00a0&#8211;<\/strong>\u00a0<a href=\"https:\/\/talstadtgemeinde-bernburg.de\/?page_id=937\">Idee<\/a>\u00a0&#8211; <a href=\"https:\/\/talstadtgemeinde-bernburg.de\/?page_id=939\">Momentan<\/a>\u00a0&#8211;\u00a0<a href=\"https:\/\/talstadtgemeinde-bernburg.de\/?page_id=941\">Zeitplan<\/a>\u00a0&#8211;\u00a0<a href=\"https:\/\/talstadtgemeinde-bernburg.de\/?page_id=943\">Nutzungskonzept<\/a>\u00a0&#8211;\u00a0<a href=\"https:\/\/talstadtgemeinde-bernburg.de\/?page_id=947\">Kostenplanung<\/a>\u00a0&#8211;\u00a0Ausblick<\/h6>\n<hr \/>\n<p><strong><img loading=\"lazy\" decoding=\"async\" class=\"alignright wp-image-1171\" src=\"https:\/\/talstadtgemeinde-bernburg.de\/wp-content\/uploads\/2015\/07\/LOGO-300x192.png\" alt=\"LOGO\" width=\"200\" height=\"128\" srcset=\"https:\/\/talstadtgemeinde-bernburg.de\/wp-content\/uploads\/2015\/07\/LOGO-300x192.png 300w, https:\/\/talstadtgemeinde-bernburg.de\/wp-content\/uploads\/2015\/07\/LOGO-624x399.png 624w, https:\/\/talstadtgemeinde-bernburg.de\/wp-content\/uploads\/2015\/07\/LOGO.png 649w\" sizes=\"(max-width: 200px) 100vw, 200px\" \/>AUSBLICK<\/strong><\/p>\n<p>Gro\u00dfe Projekte brauchen ein klares Ziel aber auch\u00a0eine besonnene Planung. Der F\u00f6rderkreis hat sich vorgenommen zun\u00e4chst auf Grund der von der Firma\u00a0H\u00fcfken\u00a0aus Halberstadt vorgelegten Konzeption auf einen ersten Bauabschnitt zuzugehen und diesen im Laufe der n\u00e4chsten 2 Jahre zu verwirklichen. Anschlie\u00dfend soll der Aufbau der Orgel dann schrittweise vollendet werden.<\/p>\n<p>Jetzt m\u00fcssen\u00a0F\u00f6rdermittelgeber gefunden und F\u00f6rderantr\u00e4ge geschrieben werden. Gute Ideen, wen wir noch ansprechen k\u00f6nnten,\u00a0sind ebenso gefragt. Auch wird es weiter darum gehen durch eine aktive Ehrenamtsarbeit Menschen\u00a0f\u00fcr unser Projekt\u00a0zu gewinnen\u00a0oder besser: zu begeistern\u00a0\u00a0&#8211;\u00a0\u00a0und nicht nur Geld\u00a0zu sammeln!. Ein guter begonnener Prozess k\u00f6nnte sich so\u00a0weiter entwickeln, so dass wir Schritt f\u00fcr Schritt\u00a0\u2013 mit Nachdruck und Geduld! &#8211;\u00a0\u00a0unser Ziel erreichen.<\/p>\n<p>Ich freue mich schon auf das erste Orgelkonzert!<\/p>\n<p>Bernburg im Mai\u00a02015<\/p>\n<p><i>Johannes\u00a0Lewek<\/i>\u00a0f\u00fcr den F\u00f6rderkreis \u201eNeue Orgel\u201c<\/p>\n","protected":false},"excerpt":{"rendered":"<p>Vorstand\u00a0&#8211;\u00a0Geschichte\u00a0&#8211;\u00a0Idee\u00a0&#8211; Momentan\u00a0&#8211;\u00a0Zeitplan\u00a0&#8211;\u00a0Nutzungskonzept\u00a0&#8211;\u00a0Kostenplanung\u00a0&#8211;\u00a0Ausblick AUSBLICK Gro\u00dfe Projekte brauchen ein klares Ziel aber auch\u00a0eine besonnene Planung. Der F\u00f6rderkreis hat sich vorgenommen zun\u00e4chst auf Grund der von der Firma\u00a0H\u00fcfken\u00a0aus Halberstadt vorgelegten Konzeption auf einen ersten Bauabschnitt zuzugehen und diesen im Laufe der n\u00e4chsten 2 Jahre zu verwirklichen. Anschlie\u00dfend soll der Aufbau der Orgel dann schrittweise vollendet werden. Jetzt m\u00fcssen\u00a0F\u00f6rdermittelgeber [&hellip;]<\/p>\n","protected":false},"author":2,"featured_media":0,"parent":173,"menu_order":0,"comment_status":"closed","ping_status":"closed","template":"page-templates\/full-width.php","meta":{"footnotes":""},"_links":{"self":[{"href":"https:\/\/talstadtgemeinde-bernburg.de\/index.php?rest_route=\/wp\/v2\/pages\/949"}],"collection":[{"href":"https:\/\/talstadtgemeinde-bernburg.de\/index.php?rest_route=\/wp\/v2\/pages"}],"about":[{"href":"https:\/\/talstadtgemeinde-bernburg.de\/index.php?rest_route=\/wp\/v2\/types\/page"}],"author":[{"embeddable":true,"href":"https:\/\/talstadtgemeinde-bernburg.de\/index.php?rest_route=\/wp\/v2\/users\/2"}],"replies":[{"embeddable":true,"href":"https:\/\/talstadtgemeinde-bernburg.de\/index.php?rest_route=%2Fwp%2Fv2%2Fcomments&post=949"}],"version-history":[{"count":0,"href":"https:\/\/talstadtgemeinde-bernburg.de\/index.php?rest_route=\/wp\/v2\/pages\/949\/revisions"}],"up":[{"embeddable":true,"href":"https:\/\/talstadtgemeinde-bernburg.de\/index.php?rest_route=\/wp\/v2\/pages\/173"}],"wp:attachment":[{"href":"https:\/\/talstadtgemeinde-bernburg.de\/index.php?rest_route=%2Fwp%2Fv2%2Fmedia&parent=949"}],"curies":[{"name":"wp","href":"https:\/\/api.w.org\/{rel}","templated":true}]}}